{"id":42979,"date":"2026-02-24T11:29:27","date_gmt":"2026-02-24T10:29:27","guid":{"rendered":"https:\/\/imprimeideas.es\/?post_type=product&p=42979"},"modified":"2026-02-26T18:23:21","modified_gmt":"2026-02-26T17:23:21","slug":"reloj-multifuncion-barret","status":"publish","type":"product","link":"https:\/\/imprimeideas.es\/en\/product\/reloj-multifuncion-barret\/","title":{"rendered":"Reloj Multifunci\u00f3n Barret"},"content":{"rendered":"<p>Reloj multifunci\u00f3n con cargador inal\u00e1mbrico 10W integrado. Fabricado en en fibra de caf\u00e9 y algod\u00f3n reciclado. Funci\u00f3n hora (12\/24h), alarma, con intensidad de luz regulable. Alimentaci\u00f3n mediante conexi\u00f3n USB. Compatible con dispositivos equipados con tecnolog\u00eda de carga inal\u00e1mbrica y presentado en atractiva caja de dise\u00f1o kraft. Con distintivo de fibra de caf\u00e9 y algod\u00f3n reciclado. Incluye manual de instruccions en espa\u00f1ol e ingl\u00e9s.La fibra de caf\u00e9 es una soluci\u00f3n circular que se obtiene de la utilizaci\u00f3n de los residuos producidos en la obtenci\u00f3n del caf\u00e9. Una alternativa sostenible que favorece la reducci\u00f3n del uso de pl\u00e1sticos, ahorrando energ\u00eda en su proceso de fabricaci\u00f3n y contribuyendo al cuidado del medio ambiente.Disponible certificaci\u00f3n GRS (Global Recycled Standard \/ Est\u00e1ndar de Reciclaje Global), que garantiza el origen reciclado del material usado para fabricar el producto.<\/p>","protected":false},"excerpt":{"rendered":"<p>Cargador Inal\u00e1mbrico 10W. Intensidad de Luz Regulable. Conexi\u00f3n USB<\/p>","protected":false},"featured_media":77590,"comment_status":"open","ping_status":"open","template":"","meta":{"inline_featured_image":false},"product_brand":[],"product_cat":[122,95],"product_tag":[],"class_list":{"0":"post-42979","1":"product","2":"type-product","3":"status-publish","4":"has-post-thumbnail","6":"product_cat-articulos-sostenibles","7":"product_cat-tecnologia-y-accesorios","9":"first","10":"instock","11":"taxable","12":"shipping-taxable","13":"purchasable","14":"product-type-variable","15":"has-default-attributes"},"aioseo_notices":[],"_links":{"self":[{"href":"https:\/\/imprimeideas.es\/en\/wp-json\/wp\/v2\/product\/42979","targetHints":{"allow":["GET"]}}],"collection":[{"href":"https:\/\/imprimeideas.es\/en\/wp-json\/wp\/v2\/product"}],"about":[{"href":"https:\/\/imprimeideas.es\/en\/wp-json\/wp\/v2\/types\/product"}],"replies":[{"embeddable":true,"href":"https:\/\/imprimeideas.es\/en\/wp-json\/wp\/v2\/comments?post=42979"}],"version-history":[{"count":1,"href":"https:\/\/imprimeideas.es\/en\/wp-json\/wp\/v2\/product\/42979\/revisions"}],"predecessor-version":[{"id":55088,"href":"https:\/\/imprimeideas.es\/en\/wp-json\/wp\/v2\/product\/42979\/revisions\/55088"}],"wp:featuredmedia":[{"embeddable":true,"href":"https:\/\/imprimeideas.es\/en\/wp-json\/wp\/v2\/media\/77590"}],"wp:attachment":[{"href":"https:\/\/imprimeideas.es\/en\/wp-json\/wp\/v2\/media?parent=42979"}],"wp:term":[{"taxonomy":"product_brand","embeddable":true,"href":"https:\/\/imprimeideas.es\/en\/wp-json\/wp\/v2\/product_brand?post=42979"},{"taxonomy":"product_cat","embeddable":true,"href":"https:\/\/imprimeideas.es\/en\/wp-json\/wp\/v2\/product_cat?post=42979"},{"taxonomy":"product_tag","embeddable":true,"href":"https:\/\/imprimeideas.es\/en\/wp-json\/wp\/v2\/product_tag?post=42979"}],"curies":[{"name":"wp","href":"https:\/\/api.w.org\/{rel}","templated":true}]}}