{"id":42977,"date":"2026-02-24T11:29:27","date_gmt":"2026-02-24T10:29:27","guid":{"rendered":"https:\/\/imprimeideas.es\/?post_type=product&p=42977"},"modified":"2026-02-26T18:08:21","modified_gmt":"2026-02-26T17:08:21","slug":"cargador-griffin","status":"publish","type":"product","link":"https:\/\/imprimeideas.es\/en\/product\/cargador-griffin\/","title":{"rendered":"Cargador Griffin"},"content":{"rendered":"<p>Cargador inal\u00e1mbrico fabricado en fibra de caf\u00e9 y algod\u00f3n reciclado. Base antideslizante y compatible con dispositivos equipados con tecnolog\u00eda de carga Qi. Capacidad de carga de 15W, con cable negro Tipo C incluido. Con distintivos de fibra de caf\u00e9 y algod\u00f3n reciclado. Presentado en atractiva caja de dise\u00f1o kraft, con manual de instrucciones en espa\u00f1ol e ingl\u00e9s.La fibra de caf\u00e9 es una soluci\u00f3n circular que se obtiene de la utilizaci\u00f3n de los residuos producidos en la obtenci\u00f3n del caf\u00e9. Una alternativa sostenible que favorece la reducci\u00f3n del uso de pl\u00e1sticos, ahorrando energ\u00eda en su proceso de fabricaci\u00f3n y contribuyendo al cuidado del medio ambiente.Disponible certificaci\u00f3n GRS (Global Recycled Standard \/ Est\u00e1ndar de Reciclaje Global), que garantiza el origen reciclado del material usado para fabricar el producto.<\/p>","protected":false},"excerpt":{"rendered":"<p>Inal\u00e1mbrico 15W<\/p>","protected":false},"featured_media":70136,"comment_status":"open","ping_status":"open","template":"","meta":{"inline_featured_image":false},"product_brand":[],"product_cat":[122,95],"product_tag":[],"class_list":{"0":"post-42977","1":"product","2":"type-product","3":"status-publish","4":"has-post-thumbnail","6":"product_cat-articulos-sostenibles","7":"product_cat-tecnologia-y-accesorios","9":"first","10":"instock","11":"taxable","12":"shipping-taxable","13":"purchasable","14":"product-type-variable","15":"has-default-attributes"},"aioseo_notices":[],"_links":{"self":[{"href":"https:\/\/imprimeideas.es\/en\/wp-json\/wp\/v2\/product\/42977","targetHints":{"allow":["GET"]}}],"collection":[{"href":"https:\/\/imprimeideas.es\/en\/wp-json\/wp\/v2\/product"}],"about":[{"href":"https:\/\/imprimeideas.es\/en\/wp-json\/wp\/v2\/types\/product"}],"replies":[{"embeddable":true,"href":"https:\/\/imprimeideas.es\/en\/wp-json\/wp\/v2\/comments?post=42977"}],"version-history":[{"count":1,"href":"https:\/\/imprimeideas.es\/en\/wp-json\/wp\/v2\/product\/42977\/revisions"}],"predecessor-version":[{"id":55087,"href":"https:\/\/imprimeideas.es\/en\/wp-json\/wp\/v2\/product\/42977\/revisions\/55087"}],"wp:featuredmedia":[{"embeddable":true,"href":"https:\/\/imprimeideas.es\/en\/wp-json\/wp\/v2\/media\/70136"}],"wp:attachment":[{"href":"https:\/\/imprimeideas.es\/en\/wp-json\/wp\/v2\/media?parent=42977"}],"wp:term":[{"taxonomy":"product_brand","embeddable":true,"href":"https:\/\/imprimeideas.es\/en\/wp-json\/wp\/v2\/product_brand?post=42977"},{"taxonomy":"product_cat","embeddable":true,"href":"https:\/\/imprimeideas.es\/en\/wp-json\/wp\/v2\/product_cat?post=42977"},{"taxonomy":"product_tag","embeddable":true,"href":"https:\/\/imprimeideas.es\/en\/wp-json\/wp\/v2\/product_tag?post=42977"}],"curies":[{"name":"wp","href":"https:\/\/api.w.org\/{rel}","templated":true}]}}