{"id":42968,"date":"2026-02-24T11:29:26","date_gmt":"2026-02-24T10:29:26","guid":{"rendered":"https:\/\/imprimeideas.es\/?post_type=product&p=42968"},"modified":"2026-02-26T18:32:47","modified_gmt":"2026-02-26T17:32:47","slug":"cargador-emerson","status":"publish","type":"product","link":"https:\/\/imprimeideas.es\/en\/product\/cargador-emerson\/","title":{"rendered":"Cargador Emerson"},"content":{"rendered":"<p>Cargador inal\u00e1mbrico fabricado en bamb\u00fa y fieltro RPET. Funci\u00f3n de carga de 15W y compatible con dispositivos equipados con tecnolog\u00eda Qi. Incluye 2 salidas para multicarga de dispositivos: 1 salida tipo USB y una salida Tipo C. Con distintivo RPET. Amplia superficie de marcaje, presentado en atractiva caja de dise\u00f1o kraft.El fieltro RPET reciclado es fruto de la combinaci\u00f3n del proceso de reciclaje de materiales pl\u00e1sticos junto a la t\u00e9cnica milenaria de fabricaci\u00f3n del fieltro, dando como resultado un material de eco-tendencia que, adem\u00e1s de ser de origen reciclado, tambi\u00e9n se convierte en reciclable.<\/p>","protected":false},"excerpt":{"rendered":"<p>Inal\u00e1mbrico 15W. 1 Salida USB y 1 Tipo C<\/p>","protected":false},"featured_media":81805,"comment_status":"open","ping_status":"open","template":"","meta":{"inline_featured_image":false},"product_brand":[],"product_cat":[122,95],"product_tag":[],"class_list":{"0":"post-42968","1":"product","2":"type-product","3":"status-publish","4":"has-post-thumbnail","6":"product_cat-articulos-sostenibles","7":"product_cat-tecnologia-y-accesorios","9":"first","10":"instock","11":"taxable","12":"shipping-taxable","13":"purchasable","14":"product-type-variable","15":"has-default-attributes"},"aioseo_notices":[],"_links":{"self":[{"href":"https:\/\/imprimeideas.es\/en\/wp-json\/wp\/v2\/product\/42968","targetHints":{"allow":["GET"]}}],"collection":[{"href":"https:\/\/imprimeideas.es\/en\/wp-json\/wp\/v2\/product"}],"about":[{"href":"https:\/\/imprimeideas.es\/en\/wp-json\/wp\/v2\/types\/product"}],"replies":[{"embeddable":true,"href":"https:\/\/imprimeideas.es\/en\/wp-json\/wp\/v2\/comments?post=42968"}],"version-history":[{"count":1,"href":"https:\/\/imprimeideas.es\/en\/wp-json\/wp\/v2\/product\/42968\/revisions"}],"predecessor-version":[{"id":55083,"href":"https:\/\/imprimeideas.es\/en\/wp-json\/wp\/v2\/product\/42968\/revisions\/55083"}],"wp:featuredmedia":[{"embeddable":true,"href":"https:\/\/imprimeideas.es\/en\/wp-json\/wp\/v2\/media\/81805"}],"wp:attachment":[{"href":"https:\/\/imprimeideas.es\/en\/wp-json\/wp\/v2\/media?parent=42968"}],"wp:term":[{"taxonomy":"product_brand","embeddable":true,"href":"https:\/\/imprimeideas.es\/en\/wp-json\/wp\/v2\/product_brand?post=42968"},{"taxonomy":"product_cat","embeddable":true,"href":"https:\/\/imprimeideas.es\/en\/wp-json\/wp\/v2\/product_cat?post=42968"},{"taxonomy":"product_tag","embeddable":true,"href":"https:\/\/imprimeideas.es\/en\/wp-json\/wp\/v2\/product_tag?post=42968"}],"curies":[{"name":"wp","href":"https:\/\/api.w.org\/{rel}","templated":true}]}}