{"id":42964,"date":"2026-02-24T11:29:25","date_gmt":"2026-02-24T10:29:25","guid":{"rendered":"https:\/\/imprimeideas.es\/?post_type=product&p=42964"},"modified":"2026-02-26T18:32:50","modified_gmt":"2026-02-26T17:32:50","slug":"power-bank-dawson","status":"publish","type":"product","link":"https:\/\/imprimeideas.es\/en\/product\/power-bank-dawson\/","title":{"rendered":"Power Bank Dawson"},"content":{"rendered":"<p>Bater\u00eda auxiliar externa de recarga solar fabricada en fibra de trigo. De 5.000 mAh capacidad de carga. Con conector de entrada\/salida Tipo C + salidas USB. Incluye panel fotovolt\u00e1ico que brinda la facilidad de recargar la bater\u00eda en cualquier espacio exterior sin necesidad de conexi\u00f3n. Presentado en una caja de dise\u00f1o de kraft.Tipo C Entrada\/Salida: 5V DC 2.4A, 12W2 Saidas USB: 5V DC 2.4A, 12WLas capacidades mostradas en todas nuestras bater\u00edas auxiliares externas son reales, incorporando todas ellas bater\u00edas de grado A y no recicladas, con una vida \u00fatil de al menos 500 ciclos de carga y seg\u00fan normativa CE. Adem\u00e1s, est\u00e1n fabricadas conforme a los est\u00e1ndares RoHS y en cumplimiento con los siguientes requisitos de seguridad:Sistema de protecci\u00f3n contra sobrecarga del power bank.Sistema de protecci\u00f3n contra descarga completa que proporciona una mayor durabilidad del power bank.Sistema de bloqueo para evitar cortocircuitos.Sistema de transferencia de carga constante, acorde con la capacidad del dispositivo de destino.La ca\u00f1a de trigo fomenta la utilizaci\u00f3n de materias primas naturales, reduciendo as\u00ed las emisiones contaminantes.<\/p>","protected":false},"excerpt":{"rendered":"<p>5000 mAh. Carga Solar. 2 Salidas USB. Salida y Entrada Tipo C<\/p>","protected":false},"featured_media":75702,"comment_status":"open","ping_status":"open","template":"","meta":{"inline_featured_image":false},"product_brand":[],"product_cat":[122,95],"product_tag":[],"class_list":{"0":"post-42964","1":"product","2":"type-product","3":"status-publish","4":"has-post-thumbnail","6":"product_cat-articulos-sostenibles","7":"product_cat-tecnologia-y-accesorios","9":"first","10":"instock","11":"taxable","12":"shipping-taxable","13":"purchasable","14":"product-type-variable","15":"has-default-attributes"},"aioseo_notices":[],"_links":{"self":[{"href":"https:\/\/imprimeideas.es\/en\/wp-json\/wp\/v2\/product\/42964","targetHints":{"allow":["GET"]}}],"collection":[{"href":"https:\/\/imprimeideas.es\/en\/wp-json\/wp\/v2\/product"}],"about":[{"href":"https:\/\/imprimeideas.es\/en\/wp-json\/wp\/v2\/types\/product"}],"replies":[{"embeddable":true,"href":"https:\/\/imprimeideas.es\/en\/wp-json\/wp\/v2\/comments?post=42964"}],"version-history":[{"count":1,"href":"https:\/\/imprimeideas.es\/en\/wp-json\/wp\/v2\/product\/42964\/revisions"}],"predecessor-version":[{"id":55081,"href":"https:\/\/imprimeideas.es\/en\/wp-json\/wp\/v2\/product\/42964\/revisions\/55081"}],"wp:featuredmedia":[{"embeddable":true,"href":"https:\/\/imprimeideas.es\/en\/wp-json\/wp\/v2\/media\/75702"}],"wp:attachment":[{"href":"https:\/\/imprimeideas.es\/en\/wp-json\/wp\/v2\/media?parent=42964"}],"wp:term":[{"taxonomy":"product_brand","embeddable":true,"href":"https:\/\/imprimeideas.es\/en\/wp-json\/wp\/v2\/product_brand?post=42964"},{"taxonomy":"product_cat","embeddable":true,"href":"https:\/\/imprimeideas.es\/en\/wp-json\/wp\/v2\/product_cat?post=42964"},{"taxonomy":"product_tag","embeddable":true,"href":"https:\/\/imprimeideas.es\/en\/wp-json\/wp\/v2\/product_tag?post=42964"}],"curies":[{"name":"wp","href":"https:\/\/api.w.org\/{rel}","templated":true}]}}