{"id":42960,"date":"2026-02-24T11:29:25","date_gmt":"2026-02-24T10:29:25","guid":{"rendered":"https:\/\/imprimeideas.es\/?post_type=product&p=42960"},"modified":"2026-02-26T18:42:25","modified_gmt":"2026-02-26T17:42:25","slug":"lapicero-multifuncion-birwen","status":"publish","type":"product","link":"https:\/\/imprimeideas.es\/en\/product\/lapicero-multifuncion-birwen\/","title":{"rendered":"Lapicero Multifunci\u00f3n Birwen"},"content":{"rendered":"<p>Lapicero multifunci\u00f3n 4 en 1 fabricado en bamb\u00fa y fibra de trigo.Con funciones lapicero, soporte para smartphones, cargador inal\u00e1mbrico 5W, puerto USB (2xUSB 2.0 y 1x tipo C) . Compatible con smartphones con tecnolog\u00eda de carga inal\u00e1mbrica Qi. Incluye cable tipo C en color blanco de 1 metro de largo. Presentado en atractiva caja de dise\u00f1o kraft. Disponible manual de instrucciones en espa\u00f1ol e ingl\u00e9s.Elaborado con elementos vegetales para as\u00ed fomentar la utilizaci\u00f3n de materias primas naturales y reducir las emisiones contaminantes.<\/p>","protected":false},"excerpt":{"rendered":"<p>Apto para transferir datos. Cargador Inal\u00e1mbrico 5W. 1 Puerto Tipo C. 2 Puertos USB 2.0<\/p>","protected":false},"featured_media":76714,"comment_status":"open","ping_status":"open","template":"","meta":{"inline_featured_image":false},"product_brand":[],"product_cat":[122,96,95],"product_tag":[],"class_list":{"0":"post-42960","1":"product","2":"type-product","3":"status-publish","4":"has-post-thumbnail","6":"product_cat-articulos-sostenibles","7":"product_cat-oficina-y-negocios","8":"product_cat-tecnologia-y-accesorios","10":"first","11":"instock","12":"taxable","13":"shipping-taxable","14":"purchasable","15":"product-type-variable","16":"has-default-attributes"},"aioseo_notices":[],"_links":{"self":[{"href":"https:\/\/imprimeideas.es\/en\/wp-json\/wp\/v2\/product\/42960","targetHints":{"allow":["GET"]}}],"collection":[{"href":"https:\/\/imprimeideas.es\/en\/wp-json\/wp\/v2\/product"}],"about":[{"href":"https:\/\/imprimeideas.es\/en\/wp-json\/wp\/v2\/types\/product"}],"replies":[{"embeddable":true,"href":"https:\/\/imprimeideas.es\/en\/wp-json\/wp\/v2\/comments?post=42960"}],"version-history":[{"count":1,"href":"https:\/\/imprimeideas.es\/en\/wp-json\/wp\/v2\/product\/42960\/revisions"}],"predecessor-version":[{"id":55079,"href":"https:\/\/imprimeideas.es\/en\/wp-json\/wp\/v2\/product\/42960\/revisions\/55079"}],"wp:featuredmedia":[{"embeddable":true,"href":"https:\/\/imprimeideas.es\/en\/wp-json\/wp\/v2\/media\/76714"}],"wp:attachment":[{"href":"https:\/\/imprimeideas.es\/en\/wp-json\/wp\/v2\/media?parent=42960"}],"wp:term":[{"taxonomy":"product_brand","embeddable":true,"href":"https:\/\/imprimeideas.es\/en\/wp-json\/wp\/v2\/product_brand?post=42960"},{"taxonomy":"product_cat","embeddable":true,"href":"https:\/\/imprimeideas.es\/en\/wp-json\/wp\/v2\/product_cat?post=42960"},{"taxonomy":"product_tag","embeddable":true,"href":"https:\/\/imprimeideas.es\/en\/wp-json\/wp\/v2\/product_tag?post=42960"}],"curies":[{"name":"wp","href":"https:\/\/api.w.org\/{rel}","templated":true}]}}