{"id":42951,"date":"2026-02-24T11:29:24","date_gmt":"2026-02-24T10:29:24","guid":{"rendered":"https:\/\/imprimeideas.es\/?post_type=product&p=42951"},"modified":"2026-02-26T18:08:12","modified_gmt":"2026-02-26T17:08:12","slug":"cargador-joyce","status":"publish","type":"product","link":"https:\/\/imprimeideas.es\/en\/product\/cargador-joyce\/","title":{"rendered":"Cargador Joyce"},"content":{"rendered":"<p>Cargador inal\u00e1mbrico 15W de dise\u00f1o circular. Base antideslizante y compatible con dispositivos equipados con tecnolog\u00eda de carga Qi. Dise\u00f1ado para la carga de smartphone, auriculares y smartwatch. Presentado en atractiva caja de dise\u00f1o kraft. Disponible manual en espa\u00f1ol e ingl\u00e9s.<\/p>","protected":false},"excerpt":{"rendered":"<p>Inal\u00e1mbrico 15W. Magn\u00e9tico<\/p>","protected":false},"featured_media":77162,"comment_status":"open","ping_status":"open","template":"","meta":{"inline_featured_image":false},"product_brand":[],"product_cat":[95],"product_tag":[],"class_list":{"0":"post-42951","1":"product","2":"type-product","3":"status-publish","4":"has-post-thumbnail","6":"product_cat-tecnologia-y-accesorios","8":"first","9":"instock","10":"taxable","11":"shipping-taxable","12":"purchasable","13":"product-type-variable","14":"has-default-attributes"},"aioseo_notices":[],"_links":{"self":[{"href":"https:\/\/imprimeideas.es\/en\/wp-json\/wp\/v2\/product\/42951","targetHints":{"allow":["GET"]}}],"collection":[{"href":"https:\/\/imprimeideas.es\/en\/wp-json\/wp\/v2\/product"}],"about":[{"href":"https:\/\/imprimeideas.es\/en\/wp-json\/wp\/v2\/types\/product"}],"replies":[{"embeddable":true,"href":"https:\/\/imprimeideas.es\/en\/wp-json\/wp\/v2\/comments?post=42951"}],"version-history":[{"count":1,"href":"https:\/\/imprimeideas.es\/en\/wp-json\/wp\/v2\/product\/42951\/revisions"}],"predecessor-version":[{"id":55075,"href":"https:\/\/imprimeideas.es\/en\/wp-json\/wp\/v2\/product\/42951\/revisions\/55075"}],"wp:featuredmedia":[{"embeddable":true,"href":"https:\/\/imprimeideas.es\/en\/wp-json\/wp\/v2\/media\/77162"}],"wp:attachment":[{"href":"https:\/\/imprimeideas.es\/en\/wp-json\/wp\/v2\/media?parent=42951"}],"wp:term":[{"taxonomy":"product_brand","embeddable":true,"href":"https:\/\/imprimeideas.es\/en\/wp-json\/wp\/v2\/product_brand?post=42951"},{"taxonomy":"product_cat","embeddable":true,"href":"https:\/\/imprimeideas.es\/en\/wp-json\/wp\/v2\/product_cat?post=42951"},{"taxonomy":"product_tag","embeddable":true,"href":"https:\/\/imprimeideas.es\/en\/wp-json\/wp\/v2\/product_tag?post=42951"}],"curies":[{"name":"wp","href":"https:\/\/api.w.org\/{rel}","templated":true}]}}