{"id":42946,"date":"2026-02-24T11:29:23","date_gmt":"2026-02-24T10:29:23","guid":{"rendered":"https:\/\/imprimeideas.es\/?post_type=product&p=42946"},"modified":"2026-02-26T18:19:30","modified_gmt":"2026-02-26T17:19:30","slug":"altavoz-karaoke-sophie","status":"publish","type":"product","link":"https:\/\/imprimeideas.es\/en\/product\/altavoz-karaoke-sophie\/","title":{"rendered":"Altavoz Karaoke Sophie"},"content":{"rendered":"<p>Original pack de karaoke con altavoz y micr\u00f3fono. Su compacto tama\u00f1o y la facilidad de la conexi\u00f3n Bluetooth lo convierte en un ideal accesorio para para disfrutar en cualquier lugar y momento. Incluye:Altavoz con pr\u00e1ctica asa de transporte en PU. 5W de potencia y bater\u00eda de 1200 mAh de larga duraci\u00f3n.Micr\u00f3fono con dise\u00f1o ergon\u00f3mico a juego para disfrutar de las mejores canciones.Presentado en caja de dise\u00f1o Kraft. Disponible manual de instrucciones en espa\u00f1ol e ingl\u00e9s.<\/p>","protected":false},"excerpt":{"rendered":"<p>Conexi\u00f3n Bluetooth. Potencia Sonido 5W. Bater\u00eda 1200 mAh. Micr\u00f3fono Incluido<\/p>","protected":false},"featured_media":83389,"comment_status":"open","ping_status":"open","template":"","meta":{"inline_featured_image":false},"product_brand":[],"product_cat":[95],"product_tag":[],"class_list":{"0":"post-42946","1":"product","2":"type-product","3":"status-publish","4":"has-post-thumbnail","6":"product_cat-tecnologia-y-accesorios","8":"first","9":"instock","10":"taxable","11":"shipping-taxable","12":"purchasable","13":"product-type-variable","14":"has-default-attributes"},"aioseo_notices":[],"_links":{"self":[{"href":"https:\/\/imprimeideas.es\/en\/wp-json\/wp\/v2\/product\/42946","targetHints":{"allow":["GET"]}}],"collection":[{"href":"https:\/\/imprimeideas.es\/en\/wp-json\/wp\/v2\/product"}],"about":[{"href":"https:\/\/imprimeideas.es\/en\/wp-json\/wp\/v2\/types\/product"}],"replies":[{"embeddable":true,"href":"https:\/\/imprimeideas.es\/en\/wp-json\/wp\/v2\/comments?post=42946"}],"version-history":[{"count":1,"href":"https:\/\/imprimeideas.es\/en\/wp-json\/wp\/v2\/product\/42946\/revisions"}],"predecessor-version":[{"id":55073,"href":"https:\/\/imprimeideas.es\/en\/wp-json\/wp\/v2\/product\/42946\/revisions\/55073"}],"wp:featuredmedia":[{"embeddable":true,"href":"https:\/\/imprimeideas.es\/en\/wp-json\/wp\/v2\/media\/83389"}],"wp:attachment":[{"href":"https:\/\/imprimeideas.es\/en\/wp-json\/wp\/v2\/media?parent=42946"}],"wp:term":[{"taxonomy":"product_brand","embeddable":true,"href":"https:\/\/imprimeideas.es\/en\/wp-json\/wp\/v2\/product_brand?post=42946"},{"taxonomy":"product_cat","embeddable":true,"href":"https:\/\/imprimeideas.es\/en\/wp-json\/wp\/v2\/product_cat?post=42946"},{"taxonomy":"product_tag","embeddable":true,"href":"https:\/\/imprimeideas.es\/en\/wp-json\/wp\/v2\/product_tag?post=42946"}],"curies":[{"name":"wp","href":"https:\/\/api.w.org\/{rel}","templated":true}]}}