{"id":42942,"date":"2026-02-24T11:29:23","date_gmt":"2026-02-24T10:29:23","guid":{"rendered":"https:\/\/imprimeideas.es\/?post_type=product&p=42942"},"modified":"2026-02-26T18:23:30","modified_gmt":"2026-02-26T17:23:30","slug":"set-cables-cargadores-lee","status":"publish","type":"product","link":"https:\/\/imprimeideas.es\/en\/product\/set-cables-cargadores-lee\/","title":{"rendered":"Set Cables Cargadores Lee"},"content":{"rendered":"<p>Completo set de cables cargadores fabricado en fibra de trigo. Con funci\u00f3n de soporte para smartphones. Incluye cable con capacidad de transferencia de datos y m\u00faltiples conexiones, con cabezales Micro USB, Tipo C y Lightning. 5V DC 3A. Con eyector de SIM incluido. Presentado en bolsa individual reciclada.La ca\u00f1a de trigo fomenta la utilizaci\u00f3n de materias primas naturales, reduciendo as\u00ed las emisiones contaminantes.<\/p>","protected":false},"excerpt":{"rendered":"<p>Apto para transferir datos. Conexi\u00f3n Micro USB, Tipo C y Lightning 5V DC 3A. Eyector de SIM Incluido<\/p>","protected":false},"featured_media":76293,"comment_status":"open","ping_status":"open","template":"","meta":{"inline_featured_image":false},"product_brand":[],"product_cat":[122,95],"product_tag":[],"class_list":{"0":"post-42942","1":"product","2":"type-product","3":"status-publish","4":"has-post-thumbnail","6":"product_cat-articulos-sostenibles","7":"product_cat-tecnologia-y-accesorios","9":"first","10":"instock","11":"taxable","12":"shipping-taxable","13":"purchasable","14":"product-type-variable","15":"has-default-attributes"},"aioseo_notices":[],"_links":{"self":[{"href":"https:\/\/imprimeideas.es\/en\/wp-json\/wp\/v2\/product\/42942","targetHints":{"allow":["GET"]}}],"collection":[{"href":"https:\/\/imprimeideas.es\/en\/wp-json\/wp\/v2\/product"}],"about":[{"href":"https:\/\/imprimeideas.es\/en\/wp-json\/wp\/v2\/types\/product"}],"replies":[{"embeddable":true,"href":"https:\/\/imprimeideas.es\/en\/wp-json\/wp\/v2\/comments?post=42942"}],"version-history":[{"count":1,"href":"https:\/\/imprimeideas.es\/en\/wp-json\/wp\/v2\/product\/42942\/revisions"}],"predecessor-version":[{"id":55071,"href":"https:\/\/imprimeideas.es\/en\/wp-json\/wp\/v2\/product\/42942\/revisions\/55071"}],"wp:featuredmedia":[{"embeddable":true,"href":"https:\/\/imprimeideas.es\/en\/wp-json\/wp\/v2\/media\/76293"}],"wp:attachment":[{"href":"https:\/\/imprimeideas.es\/en\/wp-json\/wp\/v2\/media?parent=42942"}],"wp:term":[{"taxonomy":"product_brand","embeddable":true,"href":"https:\/\/imprimeideas.es\/en\/wp-json\/wp\/v2\/product_brand?post=42942"},{"taxonomy":"product_cat","embeddable":true,"href":"https:\/\/imprimeideas.es\/en\/wp-json\/wp\/v2\/product_cat?post=42942"},{"taxonomy":"product_tag","embeddable":true,"href":"https:\/\/imprimeideas.es\/en\/wp-json\/wp\/v2\/product_tag?post=42942"}],"curies":[{"name":"wp","href":"https:\/\/api.w.org\/{rel}","templated":true}]}}