{"id":42939,"date":"2026-02-24T11:29:23","date_gmt":"2026-02-24T10:29:23","guid":{"rendered":"https:\/\/imprimeideas.es\/?post_type=product&p=42939"},"modified":"2026-02-26T18:19:35","modified_gmt":"2026-02-26T17:19:35","slug":"cable-cargador-denny","status":"publish","type":"product","link":"https:\/\/imprimeideas.es\/en\/product\/cable-cargador-denny\/","title":{"rendered":"Cable Cargador Denny"},"content":{"rendered":"<p>Cable cargador con mosquet\u00f3n de transporte. Fabricado usando materiales naturales y respetuosos con el medio ambiente:Pieza central en bamb\u00fa natural.Cables recubiertos de algod\u00f3n, incluyen conexiones de entrada Tipo C y USB, salidas Lightning, Micro USB y Tipo C. 5V DC 2.4A.Presentado en bolsa individual de dise\u00f1o kraft. Poner que lleva distintivo en hangtag de bamb\u00fa y algod\u00f3n kraft.Elaborado con elementos vegetales para as\u00ed fomentar la utilizaci\u00f3n de materias primas naturales y reducir las emisiones contaminantes.<\/p>","protected":false},"excerpt":{"rendered":"<p>Conexi\u00f3n Micro USB, Tipo C y Lightning 5V DC 2.4A<\/p>","protected":false},"featured_media":71604,"comment_status":"open","ping_status":"open","template":"","meta":{"inline_featured_image":false},"product_brand":[],"product_cat":[122,95],"product_tag":[],"class_list":{"0":"post-42939","1":"product","2":"type-product","3":"status-publish","4":"has-post-thumbnail","6":"product_cat-articulos-sostenibles","7":"product_cat-tecnologia-y-accesorios","9":"first","10":"instock","11":"taxable","12":"shipping-taxable","13":"purchasable","14":"product-type-variable","15":"has-default-attributes"},"aioseo_notices":[],"_links":{"self":[{"href":"https:\/\/imprimeideas.es\/en\/wp-json\/wp\/v2\/product\/42939","targetHints":{"allow":["GET"]}}],"collection":[{"href":"https:\/\/imprimeideas.es\/en\/wp-json\/wp\/v2\/product"}],"about":[{"href":"https:\/\/imprimeideas.es\/en\/wp-json\/wp\/v2\/types\/product"}],"replies":[{"embeddable":true,"href":"https:\/\/imprimeideas.es\/en\/wp-json\/wp\/v2\/comments?post=42939"}],"version-history":[{"count":1,"href":"https:\/\/imprimeideas.es\/en\/wp-json\/wp\/v2\/product\/42939\/revisions"}],"predecessor-version":[{"id":55070,"href":"https:\/\/imprimeideas.es\/en\/wp-json\/wp\/v2\/product\/42939\/revisions\/55070"}],"wp:featuredmedia":[{"embeddable":true,"href":"https:\/\/imprimeideas.es\/en\/wp-json\/wp\/v2\/media\/71604"}],"wp:attachment":[{"href":"https:\/\/imprimeideas.es\/en\/wp-json\/wp\/v2\/media?parent=42939"}],"wp:term":[{"taxonomy":"product_brand","embeddable":true,"href":"https:\/\/imprimeideas.es\/en\/wp-json\/wp\/v2\/product_brand?post=42939"},{"taxonomy":"product_cat","embeddable":true,"href":"https:\/\/imprimeideas.es\/en\/wp-json\/wp\/v2\/product_cat?post=42939"},{"taxonomy":"product_tag","embeddable":true,"href":"https:\/\/imprimeideas.es\/en\/wp-json\/wp\/v2\/product_tag?post=42939"}],"curies":[{"name":"wp","href":"https:\/\/api.w.org\/{rel}","templated":true}]}}