{"id":42916,"date":"2026-02-24T11:29:20","date_gmt":"2026-02-24T10:29:20","guid":{"rendered":"https:\/\/imprimeideas.es\/?post_type=product&p=42916"},"modified":"2026-02-25T20:07:15","modified_gmt":"2026-02-25T19:07:15","slug":"lampara-multifuncion-sheilax","status":"publish","type":"product","link":"https:\/\/imprimeideas.es\/en\/product\/lampara-multifuncion-sheilax\/","title":{"rendered":"L\u00e1mpara Multifunci\u00f3n Sheilax"},"content":{"rendered":"<p>L\u00e1mpara multifunci\u00f3n fabricada en bamb\u00fa. Con altavoz Bluetooth 5.0 de 3W de potencia y cargador inal\u00e1mbrico de 15W. 2LEDs. Compatible con dispositivos m\u00f3viles de carga inal\u00e1mbrica, con cable cargador tipo C y viene presentada en una atractiva caja de dise\u00f1o kraft. Disponible manual de instrucciones en espa\u00f1ol e ingl\u00e9s.Elaborado con elementos vegetales para as\u00ed fomentar la utilizaci\u00f3n de materias primas naturales y reducir las emisiones contaminantes.<\/p>","protected":false},"excerpt":{"rendered":"<p>2 Ledes. Altavoz Conexi\u00f3n Bluetooth. Potencia Sonido 5W. Bater\u00eda 400 mAh. Cargador Inal\u00e1mbrico 15W. Conexi\u00f3n USB<\/p>","protected":false},"featured_media":75355,"comment_status":"open","ping_status":"open","template":"","meta":{"inline_featured_image":false},"product_brand":[],"product_cat":[122,104,95],"product_tag":[],"class_list":{"0":"post-42916","1":"product","2":"type-product","3":"status-publish","4":"has-post-thumbnail","6":"product_cat-articulos-sostenibles","7":"product_cat-hogar-y-decoracion","8":"product_cat-tecnologia-y-accesorios","10":"first","11":"outofstock","12":"taxable","13":"shipping-taxable","14":"purchasable","15":"product-type-variable","16":"has-default-attributes"},"aioseo_notices":[],"_links":{"self":[{"href":"https:\/\/imprimeideas.es\/en\/wp-json\/wp\/v2\/product\/42916","targetHints":{"allow":["GET"]}}],"collection":[{"href":"https:\/\/imprimeideas.es\/en\/wp-json\/wp\/v2\/product"}],"about":[{"href":"https:\/\/imprimeideas.es\/en\/wp-json\/wp\/v2\/types\/product"}],"replies":[{"embeddable":true,"href":"https:\/\/imprimeideas.es\/en\/wp-json\/wp\/v2\/comments?post=42916"}],"version-history":[{"count":1,"href":"https:\/\/imprimeideas.es\/en\/wp-json\/wp\/v2\/product\/42916\/revisions"}],"predecessor-version":[{"id":55063,"href":"https:\/\/imprimeideas.es\/en\/wp-json\/wp\/v2\/product\/42916\/revisions\/55063"}],"wp:featuredmedia":[{"embeddable":true,"href":"https:\/\/imprimeideas.es\/en\/wp-json\/wp\/v2\/media\/75355"}],"wp:attachment":[{"href":"https:\/\/imprimeideas.es\/en\/wp-json\/wp\/v2\/media?parent=42916"}],"wp:term":[{"taxonomy":"product_brand","embeddable":true,"href":"https:\/\/imprimeideas.es\/en\/wp-json\/wp\/v2\/product_brand?post=42916"},{"taxonomy":"product_cat","embeddable":true,"href":"https:\/\/imprimeideas.es\/en\/wp-json\/wp\/v2\/product_cat?post=42916"},{"taxonomy":"product_tag","embeddable":true,"href":"https:\/\/imprimeideas.es\/en\/wp-json\/wp\/v2\/product_tag?post=42916"}],"curies":[{"name":"wp","href":"https:\/\/api.w.org\/{rel}","templated":true}]}}