{"id":42905,"date":"2026-02-24T11:29:19","date_gmt":"2026-02-24T10:29:19","guid":{"rendered":"https:\/\/imprimeideas.es\/?post_type=product&p=42905"},"modified":"2026-02-26T18:27:59","modified_gmt":"2026-02-26T17:27:59","slug":"bloc-multifuncion-morrison","status":"publish","type":"product","link":"https:\/\/imprimeideas.es\/en\/product\/bloc-multifuncion-morrison\/","title":{"rendered":"Bloc Multifunci\u00f3n Morrison"},"content":{"rendered":"<p>Carpeta\/bloc multifunci\u00f3n con cierre magn\u00e9tico fabricada en poli\u00e9ster 300D RPET, elaborado a partir de pl\u00e1stico reciclado, y etiqueta interior con distintivo RPET.Cargador inal\u00e1mbrico de 10W, con fijaci\u00f3n magn\u00e9tica y multiposici\u00f3n, integrado en portada, que permite usar el dispositivo mientras se est\u00e1 cargando. Accesorio anillo adhesivo incluido, compatible con todos los dispositivos equipados con tecnolog\u00eda Magsafe y Qi. Con cargador inal\u00e1mbrico para smartwatch en la contraportada interior.Bater\u00eda integrada de 5.000 mAh de capacidad de carga, con puerto Tipo C de entrada\/salida y LEDs indicadores de estado de carga, con cable cargador incluido.Interior con soporte para smartphone y multitud de compartimentos para tarjetas. Soporte para bol\u00edgrafo y bloc interior A5 de 64 hojas, con disposici\u00f3n a una raya.Presentada en atractiva caja individual de dise\u00f1o.Las capacidades mostradas en todas nuestras bater\u00edas auxiliares externas son reales, incorporando todas ellas bater\u00edas de grado A y no recicladas, con una vida \u00fatil de al menos 500 ciclos de carga y seg\u00fan normativa CE. Adem\u00e1s, est\u00e1n fabricadas conforme a los est\u00e1ndares RoHS y en cumplimiento con los siguientes requisitos de seguridad:Sistema de protecci\u00f3n contra sobrecarga del power bank.Sistema de protecci\u00f3n contra descarga completa que proporciona una mayor durabilidad del power bank.Sistema de bloqueo para evitar cortocircuitos.Sistema de transferencia de carga constante, acorde con la capacidad del dispositivo de destino.<\/p>","protected":false},"excerpt":{"rendered":"<p>Cargador Inal\u00e1mbrico 10W. Power Bank 5000 mAh. Bloc 65 Hojas. Salida y Entrada Tipo C<\/p>","protected":false},"featured_media":75609,"comment_status":"open","ping_status":"open","template":"","meta":{"inline_featured_image":false},"product_brand":[],"product_cat":[122,96,95],"product_tag":[],"class_list":{"0":"post-42905","1":"product","2":"type-product","3":"status-publish","4":"has-post-thumbnail","6":"product_cat-articulos-sostenibles","7":"product_cat-oficina-y-negocios","8":"product_cat-tecnologia-y-accesorios","10":"first","11":"instock","12":"taxable","13":"shipping-taxable","14":"purchasable","15":"product-type-variable","16":"has-default-attributes"},"aioseo_notices":[],"_links":{"self":[{"href":"https:\/\/imprimeideas.es\/en\/wp-json\/wp\/v2\/product\/42905","targetHints":{"allow":["GET"]}}],"collection":[{"href":"https:\/\/imprimeideas.es\/en\/wp-json\/wp\/v2\/product"}],"about":[{"href":"https:\/\/imprimeideas.es\/en\/wp-json\/wp\/v2\/types\/product"}],"replies":[{"embeddable":true,"href":"https:\/\/imprimeideas.es\/en\/wp-json\/wp\/v2\/comments?post=42905"}],"version-history":[{"count":1,"href":"https:\/\/imprimeideas.es\/en\/wp-json\/wp\/v2\/product\/42905\/revisions"}],"predecessor-version":[{"id":55058,"href":"https:\/\/imprimeideas.es\/en\/wp-json\/wp\/v2\/product\/42905\/revisions\/55058"}],"wp:featuredmedia":[{"embeddable":true,"href":"https:\/\/imprimeideas.es\/en\/wp-json\/wp\/v2\/media\/75609"}],"wp:attachment":[{"href":"https:\/\/imprimeideas.es\/en\/wp-json\/wp\/v2\/media?parent=42905"}],"wp:term":[{"taxonomy":"product_brand","embeddable":true,"href":"https:\/\/imprimeideas.es\/en\/wp-json\/wp\/v2\/product_brand?post=42905"},{"taxonomy":"product_cat","embeddable":true,"href":"https:\/\/imprimeideas.es\/en\/wp-json\/wp\/v2\/product_cat?post=42905"},{"taxonomy":"product_tag","embeddable":true,"href":"https:\/\/imprimeideas.es\/en\/wp-json\/wp\/v2\/product_tag?post=42905"}],"curies":[{"name":"wp","href":"https:\/\/api.w.org\/{rel}","templated":true}]}}