{"id":42903,"date":"2026-02-24T11:29:19","date_gmt":"2026-02-24T10:29:19","guid":{"rendered":"https:\/\/imprimeideas.es\/?post_type=product&p=42903"},"modified":"2026-02-26T18:32:57","modified_gmt":"2026-02-26T17:32:57","slug":"alfombrilla-multifuncion-hossian","status":"publish","type":"product","link":"https:\/\/imprimeideas.es\/en\/product\/alfombrilla-multifuncion-hossian\/","title":{"rendered":"Alfombrilla Multifunci\u00f3n Hossian"},"content":{"rendered":"<p>Elegante y funcional alfombrilla plegable fabricada en combinaci\u00f3n de suave poli\u00e9ster RPET y bamb\u00fa. Con entrada tipo C -cable negro Tipo C incluido- y cargador inal\u00e1mbrico de 15W,compatible con dispositivos equipados con tecnolog\u00eda de carga inal\u00e1mbrica Qi. Incluye soporte para smartphone, soporte para bol\u00edgrafos, y compartimento libre de almacenaje en bamb\u00fa. Base antideslizante que garantiza un uso c\u00f3modo y estable.Incluye manual de uso en en espa\u00f1ol e ingl\u00e9s. Presentada en caja individual de dise\u00f1o kraft y en bolsa reciclada.El material RPET se elabora a partir de pl\u00e1stico reciclado, para as\u00ed fomentar la reutilizaci\u00f3n de residuos pl\u00e1sticos y ayudar a la sostenibilidad del planeta.En cumplimiento con los requisitos de seguridad: Sistema de protecci\u00f3n contra sobrecalentamiento. Sistema de protecci\u00f3n contra sobrecarga. Sistema de bloqueo para evitar cortocircuitos.<\/p>","protected":false},"excerpt":{"rendered":"<p>Plegable. Cargador Inal\u00e1mbrico 15W. Antideslizante<\/p>","protected":false},"featured_media":84243,"comment_status":"open","ping_status":"open","template":"","meta":{"inline_featured_image":false},"product_brand":[],"product_cat":[122,96,95],"product_tag":[],"class_list":{"0":"post-42903","1":"product","2":"type-product","3":"status-publish","4":"has-post-thumbnail","6":"product_cat-articulos-sostenibles","7":"product_cat-oficina-y-negocios","8":"product_cat-tecnologia-y-accesorios","10":"first","11":"instock","12":"taxable","13":"shipping-taxable","14":"purchasable","15":"product-type-variable","16":"has-default-attributes"},"aioseo_notices":[],"_links":{"self":[{"href":"https:\/\/imprimeideas.es\/en\/wp-json\/wp\/v2\/product\/42903","targetHints":{"allow":["GET"]}}],"collection":[{"href":"https:\/\/imprimeideas.es\/en\/wp-json\/wp\/v2\/product"}],"about":[{"href":"https:\/\/imprimeideas.es\/en\/wp-json\/wp\/v2\/types\/product"}],"replies":[{"embeddable":true,"href":"https:\/\/imprimeideas.es\/en\/wp-json\/wp\/v2\/comments?post=42903"}],"version-history":[{"count":1,"href":"https:\/\/imprimeideas.es\/en\/wp-json\/wp\/v2\/product\/42903\/revisions"}],"predecessor-version":[{"id":55057,"href":"https:\/\/imprimeideas.es\/en\/wp-json\/wp\/v2\/product\/42903\/revisions\/55057"}],"wp:featuredmedia":[{"embeddable":true,"href":"https:\/\/imprimeideas.es\/en\/wp-json\/wp\/v2\/media\/84243"}],"wp:attachment":[{"href":"https:\/\/imprimeideas.es\/en\/wp-json\/wp\/v2\/media?parent=42903"}],"wp:term":[{"taxonomy":"product_brand","embeddable":true,"href":"https:\/\/imprimeideas.es\/en\/wp-json\/wp\/v2\/product_brand?post=42903"},{"taxonomy":"product_cat","embeddable":true,"href":"https:\/\/imprimeideas.es\/en\/wp-json\/wp\/v2\/product_cat?post=42903"},{"taxonomy":"product_tag","embeddable":true,"href":"https:\/\/imprimeideas.es\/en\/wp-json\/wp\/v2\/product_tag?post=42903"}],"curies":[{"name":"wp","href":"https:\/\/api.w.org\/{rel}","templated":true}]}}