{"id":42901,"date":"2026-02-24T11:29:19","date_gmt":"2026-02-24T10:29:19","guid":{"rendered":"https:\/\/imprimeideas.es\/?post_type=product&p=42901"},"modified":"2026-02-26T18:28:07","modified_gmt":"2026-02-26T17:28:07","slug":"alfombrilla-multifuncion-craig","status":"publish","type":"product","link":"https:\/\/imprimeideas.es\/en\/product\/alfombrilla-multifuncion-craig\/","title":{"rendered":"Alfombrilla Multifunci\u00f3n Craig"},"content":{"rendered":"<p>Elegante y funcional alfombrilla fabricada en combinaci\u00f3n de suave poli\u00e9ster RPET y bamb\u00fa. Con puerto tipo C y cuatro puertos USB 2.0, permitiendo conectar y cargar los dispositivos f\u00e1cilmente. Con soporte para smartphone y base antideslizante que garantiza un uso c\u00f3modo y estable. Introduce una nueva era de conectividad y sostenibilidad en el espacio de trabajo.Presentada en caja individual de dise\u00f1o kraft y en bolsa reciclada.El material RPET se elabora a partir de pl\u00e1stico reciclado, para as\u00ed fomentar la reutilizaci\u00f3n de residuos pl\u00e1sticos y ayudar a la sostenibilidad del planeta.<\/p>","protected":false},"excerpt":{"rendered":"<p>1 Puerto Tipo C. 4 Puertos USB 2.0. Antideslizante<\/p>","protected":false},"featured_media":81959,"comment_status":"open","ping_status":"open","template":"","meta":{"inline_featured_image":false},"product_brand":[],"product_cat":[122,96,95],"product_tag":[],"class_list":{"0":"post-42901","1":"product","2":"type-product","3":"status-publish","4":"has-post-thumbnail","6":"product_cat-articulos-sostenibles","7":"product_cat-oficina-y-negocios","8":"product_cat-tecnologia-y-accesorios","10":"first","11":"instock","12":"taxable","13":"shipping-taxable","14":"purchasable","15":"product-type-variable","16":"has-default-attributes"},"aioseo_notices":[],"_links":{"self":[{"href":"https:\/\/imprimeideas.es\/en\/wp-json\/wp\/v2\/product\/42901","targetHints":{"allow":["GET"]}}],"collection":[{"href":"https:\/\/imprimeideas.es\/en\/wp-json\/wp\/v2\/product"}],"about":[{"href":"https:\/\/imprimeideas.es\/en\/wp-json\/wp\/v2\/types\/product"}],"replies":[{"embeddable":true,"href":"https:\/\/imprimeideas.es\/en\/wp-json\/wp\/v2\/comments?post=42901"}],"version-history":[{"count":1,"href":"https:\/\/imprimeideas.es\/en\/wp-json\/wp\/v2\/product\/42901\/revisions"}],"predecessor-version":[{"id":55056,"href":"https:\/\/imprimeideas.es\/en\/wp-json\/wp\/v2\/product\/42901\/revisions\/55056"}],"wp:featuredmedia":[{"embeddable":true,"href":"https:\/\/imprimeideas.es\/en\/wp-json\/wp\/v2\/media\/81959"}],"wp:attachment":[{"href":"https:\/\/imprimeideas.es\/en\/wp-json\/wp\/v2\/media?parent=42901"}],"wp:term":[{"taxonomy":"product_brand","embeddable":true,"href":"https:\/\/imprimeideas.es\/en\/wp-json\/wp\/v2\/product_brand?post=42901"},{"taxonomy":"product_cat","embeddable":true,"href":"https:\/\/imprimeideas.es\/en\/wp-json\/wp\/v2\/product_cat?post=42901"},{"taxonomy":"product_tag","embeddable":true,"href":"https:\/\/imprimeideas.es\/en\/wp-json\/wp\/v2\/product_tag?post=42901"}],"curies":[{"name":"wp","href":"https:\/\/api.w.org\/{rel}","templated":true}]}}