{"id":42899,"date":"2026-02-24T11:29:19","date_gmt":"2026-02-24T10:29:19","guid":{"rendered":"https:\/\/imprimeideas.es\/?post_type=product&p=42899"},"modified":"2026-02-26T18:08:21","modified_gmt":"2026-02-26T17:08:21","slug":"tripode-merylin","status":"publish","type":"product","link":"https:\/\/imprimeideas.es\/en\/product\/tripode-merylin\/","title":{"rendered":"Tr\u00edpode Merylin"},"content":{"rendered":"<p>Tr\u00edpode fotogr\u00e1fico para smartphones de acero inox. Innovador dise\u00f1o extensible con hasta 5 posiciones para capturar im\u00e1genes desde cualquier \u00e1ngulo. Incluye disparador remoto.Modelo plegable, de compacto tama\u00f1o y dise\u00f1o ergon\u00f3mico para f\u00e1cil transporte y superficie antideslizante para sujetar f\u00e1cilmente el selfie stick.Presentado en caja de dise\u00f1o kraft. Disponible manual de instrucciones en espa\u00f1ol e ingl\u00e9s.<\/p>","protected":false},"excerpt":{"rendered":"<p>Extensible. 5 Posiciones. Disparador Remoto Incluido<\/p>","protected":false},"featured_media":47073,"comment_status":"open","ping_status":"open","template":"","meta":{"inline_featured_image":false},"product_brand":[],"product_cat":[95],"product_tag":[],"class_list":{"0":"post-42899","1":"product","2":"type-product","3":"status-publish","4":"has-post-thumbnail","6":"product_cat-tecnologia-y-accesorios","8":"first","9":"instock","10":"taxable","11":"shipping-taxable","12":"purchasable","13":"product-type-variable","14":"has-default-attributes"},"aioseo_notices":[],"_links":{"self":[{"href":"https:\/\/imprimeideas.es\/en\/wp-json\/wp\/v2\/product\/42899","targetHints":{"allow":["GET"]}}],"collection":[{"href":"https:\/\/imprimeideas.es\/en\/wp-json\/wp\/v2\/product"}],"about":[{"href":"https:\/\/imprimeideas.es\/en\/wp-json\/wp\/v2\/types\/product"}],"replies":[{"embeddable":true,"href":"https:\/\/imprimeideas.es\/en\/wp-json\/wp\/v2\/comments?post=42899"}],"version-history":[{"count":1,"href":"https:\/\/imprimeideas.es\/en\/wp-json\/wp\/v2\/product\/42899\/revisions"}],"predecessor-version":[{"id":55055,"href":"https:\/\/imprimeideas.es\/en\/wp-json\/wp\/v2\/product\/42899\/revisions\/55055"}],"wp:featuredmedia":[{"embeddable":true,"href":"https:\/\/imprimeideas.es\/en\/wp-json\/wp\/v2\/media\/47073"}],"wp:attachment":[{"href":"https:\/\/imprimeideas.es\/en\/wp-json\/wp\/v2\/media?parent=42899"}],"wp:term":[{"taxonomy":"product_brand","embeddable":true,"href":"https:\/\/imprimeideas.es\/en\/wp-json\/wp\/v2\/product_brand?post=42899"},{"taxonomy":"product_cat","embeddable":true,"href":"https:\/\/imprimeideas.es\/en\/wp-json\/wp\/v2\/product_cat?post=42899"},{"taxonomy":"product_tag","embeddable":true,"href":"https:\/\/imprimeideas.es\/en\/wp-json\/wp\/v2\/product_tag?post=42899"}],"curies":[{"name":"wp","href":"https:\/\/api.w.org\/{rel}","templated":true}]}}