{"id":42875,"date":"2026-02-24T11:29:16","date_gmt":"2026-02-24T10:29:16","guid":{"rendered":"https:\/\/imprimeideas.es\/?post_type=product&p=42875"},"modified":"2026-02-26T18:19:13","modified_gmt":"2026-02-26T17:19:13","slug":"pulsera-soporte-naomi","status":"publish","type":"product","link":"https:\/\/imprimeideas.es\/en\/product\/pulsera-soporte-naomi\/","title":{"rendered":"Pulsera Soporte Naomi"},"content":{"rendered":"<p>Original pulsera portam\u00f3vil en flexible silicona, adaptable para todo tipo de mu\u00f1ecas. Con accesorio de transporte para situar entre la funda y el smartphone. Con accesorio met\u00e1lico especial para marcar en l\u00e1ser y amplia zona de marcaje en PP. Disponible en variada gama de colores.<\/p>","protected":false},"excerpt":{"rendered":"<p>Original pulsera portam\u00f3vil en flexible silicona, adaptable para todo tipo de mu\u00f1ecas. Con accesorio de transporte para situar entre la<\/p>","protected":false},"featured_media":63958,"comment_status":"open","ping_status":"open","template":"","meta":{"inline_featured_image":false},"product_brand":[],"product_cat":[95],"product_tag":[],"class_list":{"0":"post-42875","1":"product","2":"type-product","3":"status-publish","4":"has-post-thumbnail","6":"product_cat-tecnologia-y-accesorios","8":"first","9":"instock","10":"taxable","11":"shipping-taxable","12":"purchasable","13":"product-type-variable","14":"has-default-attributes"},"aioseo_notices":[],"_links":{"self":[{"href":"https:\/\/imprimeideas.es\/en\/wp-json\/wp\/v2\/product\/42875","targetHints":{"allow":["GET"]}}],"collection":[{"href":"https:\/\/imprimeideas.es\/en\/wp-json\/wp\/v2\/product"}],"about":[{"href":"https:\/\/imprimeideas.es\/en\/wp-json\/wp\/v2\/types\/product"}],"replies":[{"embeddable":true,"href":"https:\/\/imprimeideas.es\/en\/wp-json\/wp\/v2\/comments?post=42875"}],"version-history":[{"count":1,"href":"https:\/\/imprimeideas.es\/en\/wp-json\/wp\/v2\/product\/42875\/revisions"}],"predecessor-version":[{"id":55052,"href":"https:\/\/imprimeideas.es\/en\/wp-json\/wp\/v2\/product\/42875\/revisions\/55052"}],"wp:featuredmedia":[{"embeddable":true,"href":"https:\/\/imprimeideas.es\/en\/wp-json\/wp\/v2\/media\/63958"}],"wp:attachment":[{"href":"https:\/\/imprimeideas.es\/en\/wp-json\/wp\/v2\/media?parent=42875"}],"wp:term":[{"taxonomy":"product_brand","embeddable":true,"href":"https:\/\/imprimeideas.es\/en\/wp-json\/wp\/v2\/product_brand?post=42875"},{"taxonomy":"product_cat","embeddable":true,"href":"https:\/\/imprimeideas.es\/en\/wp-json\/wp\/v2\/product_cat?post=42875"},{"taxonomy":"product_tag","embeddable":true,"href":"https:\/\/imprimeideas.es\/en\/wp-json\/wp\/v2\/product_tag?post=42875"}],"curies":[{"name":"wp","href":"https:\/\/api.w.org\/{rel}","templated":true}]}}