{"id":42872,"date":"2026-02-24T11:29:16","date_gmt":"2026-02-24T10:29:16","guid":{"rendered":"https:\/\/imprimeideas.es\/?post_type=product&p=42872"},"modified":"2026-02-26T18:32:47","modified_gmt":"2026-02-26T17:32:47","slug":"reloj-graox","status":"publish","type":"product","link":"https:\/\/imprimeideas.es\/en\/product\/reloj-graox\/","title":{"rendered":"Reloj Graox"},"content":{"rendered":"<p>Elegante y sostenible reloj de mesa, fabricado en bamb\u00fa natural.Funcionamiento \u00fanico, sin necesidad de bater\u00edas. Simplemente funciona con agua, un tributo a la sostenibilidad y la innovaci\u00f3n.Gran pantalla LCD que muestra la hora en formato de 12 horas, AM y PM. Incluye indicador de fecha que proporciona informaci\u00f3n adicional de un solo vistazo. Este sorprendente reloj viene presentado en una caja de dise\u00f1o kraft y protegido con papel, reforzando as\u00ed su est\u00e9tica natural y consciente.Materiales como el bamb\u00fa fomentan la utilizaci\u00f3n de materias primas naturales reduciendo las emisiones contaminantes. Adem\u00e1s, el bamb\u00fa proviene de una planta de gran resistencia y versatilidad, con crecimiento y regeneraci\u00f3n r\u00e1pida, siendo una excelente alternativa al uso de madera tradicional.<\/p>","protected":false},"excerpt":{"rendered":"<p>Funciona con Agua<\/p>","protected":false},"featured_media":73302,"comment_status":"open","ping_status":"open","template":"","meta":{"inline_featured_image":false},"product_brand":[],"product_cat":[122,106,95],"product_tag":[],"class_list":{"0":"post-42872","1":"product","2":"type-product","3":"status-publish","4":"has-post-thumbnail","6":"product_cat-articulos-sostenibles","7":"product_cat-regalos-y-premiums","8":"product_cat-tecnologia-y-accesorios","10":"first","11":"instock","12":"taxable","13":"shipping-taxable","14":"purchasable","15":"product-type-variable","16":"has-default-attributes"},"aioseo_notices":[],"_links":{"self":[{"href":"https:\/\/imprimeideas.es\/en\/wp-json\/wp\/v2\/product\/42872","targetHints":{"allow":["GET"]}}],"collection":[{"href":"https:\/\/imprimeideas.es\/en\/wp-json\/wp\/v2\/product"}],"about":[{"href":"https:\/\/imprimeideas.es\/en\/wp-json\/wp\/v2\/types\/product"}],"replies":[{"embeddable":true,"href":"https:\/\/imprimeideas.es\/en\/wp-json\/wp\/v2\/comments?post=42872"}],"version-history":[{"count":1,"href":"https:\/\/imprimeideas.es\/en\/wp-json\/wp\/v2\/product\/42872\/revisions"}],"predecessor-version":[{"id":55051,"href":"https:\/\/imprimeideas.es\/en\/wp-json\/wp\/v2\/product\/42872\/revisions\/55051"}],"wp:featuredmedia":[{"embeddable":true,"href":"https:\/\/imprimeideas.es\/en\/wp-json\/wp\/v2\/media\/73302"}],"wp:attachment":[{"href":"https:\/\/imprimeideas.es\/en\/wp-json\/wp\/v2\/media?parent=42872"}],"wp:term":[{"taxonomy":"product_brand","embeddable":true,"href":"https:\/\/imprimeideas.es\/en\/wp-json\/wp\/v2\/product_brand?post=42872"},{"taxonomy":"product_cat","embeddable":true,"href":"https:\/\/imprimeideas.es\/en\/wp-json\/wp\/v2\/product_cat?post=42872"},{"taxonomy":"product_tag","embeddable":true,"href":"https:\/\/imprimeideas.es\/en\/wp-json\/wp\/v2\/product_tag?post=42872"}],"curies":[{"name":"wp","href":"https:\/\/api.w.org\/{rel}","templated":true}]}}