{"id":42868,"date":"2026-02-24T11:29:15","date_gmt":"2026-02-24T10:29:15","guid":{"rendered":"https:\/\/imprimeideas.es\/?post_type=product&p=42868"},"modified":"2026-02-26T18:23:31","modified_gmt":"2026-02-26T17:23:31","slug":"lapicero-oswin","status":"publish","type":"product","link":"https:\/\/imprimeideas.es\/en\/product\/lapicero-oswin\/","title":{"rendered":"Lapicero Oswin"},"content":{"rendered":"<p>Original lapicero de dise\u00f1o fabricado en bamb\u00fa barnizado y resistente acero inoxidable. Presentado en caja individual de dise\u00f1o kraft.Materiales como el bamb\u00fa fomentan la utilizaci\u00f3n de materias primas naturales reduciendo las emisiones contaminantes. Adem\u00e1s, el bamb\u00fa proviene de una planta de gran resistencia y versatilidad, con crecimiento y regeneraci\u00f3n r\u00e1pida, siendo una excelente alternativa al uso de madera tradicional.<\/p>","protected":false},"excerpt":{"rendered":"<p>Original lapicero de dise\u00f1o fabricado en bamb\u00fa barnizado y resistente acero inoxidable. Presentado en caja individual de dise\u00f1o kraft.Materiales como<\/p>","protected":false},"featured_media":80158,"comment_status":"open","ping_status":"open","template":"","meta":{"inline_featured_image":false},"product_brand":[],"product_cat":[122,96,106],"product_tag":[],"class_list":{"0":"post-42868","1":"product","2":"type-product","3":"status-publish","4":"has-post-thumbnail","6":"product_cat-articulos-sostenibles","7":"product_cat-oficina-y-negocios","8":"product_cat-regalos-y-premiums","10":"first","11":"instock","12":"taxable","13":"shipping-taxable","14":"purchasable","15":"product-type-variable","16":"has-default-attributes"},"aioseo_notices":[],"_links":{"self":[{"href":"https:\/\/imprimeideas.es\/en\/wp-json\/wp\/v2\/product\/42868","targetHints":{"allow":["GET"]}}],"collection":[{"href":"https:\/\/imprimeideas.es\/en\/wp-json\/wp\/v2\/product"}],"about":[{"href":"https:\/\/imprimeideas.es\/en\/wp-json\/wp\/v2\/types\/product"}],"replies":[{"embeddable":true,"href":"https:\/\/imprimeideas.es\/en\/wp-json\/wp\/v2\/comments?post=42868"}],"version-history":[{"count":1,"href":"https:\/\/imprimeideas.es\/en\/wp-json\/wp\/v2\/product\/42868\/revisions"}],"predecessor-version":[{"id":55049,"href":"https:\/\/imprimeideas.es\/en\/wp-json\/wp\/v2\/product\/42868\/revisions\/55049"}],"wp:featuredmedia":[{"embeddable":true,"href":"https:\/\/imprimeideas.es\/en\/wp-json\/wp\/v2\/media\/80158"}],"wp:attachment":[{"href":"https:\/\/imprimeideas.es\/en\/wp-json\/wp\/v2\/media?parent=42868"}],"wp:term":[{"taxonomy":"product_brand","embeddable":true,"href":"https:\/\/imprimeideas.es\/en\/wp-json\/wp\/v2\/product_brand?post=42868"},{"taxonomy":"product_cat","embeddable":true,"href":"https:\/\/imprimeideas.es\/en\/wp-json\/wp\/v2\/product_cat?post=42868"},{"taxonomy":"product_tag","embeddable":true,"href":"https:\/\/imprimeideas.es\/en\/wp-json\/wp\/v2\/product_tag?post=42868"}],"curies":[{"name":"wp","href":"https:\/\/api.w.org\/{rel}","templated":true}]}}