{"id":42866,"date":"2026-02-24T11:29:15","date_gmt":"2026-02-24T10:29:15","guid":{"rendered":"https:\/\/imprimeideas.es\/?post_type=product&p=42866"},"modified":"2026-02-26T18:13:42","modified_gmt":"2026-02-26T17:13:42","slug":"set-gregory","status":"publish","type":"product","link":"https:\/\/imprimeideas.es\/en\/product\/set-gregory\/","title":{"rendered":"Set Gregory"},"content":{"rendered":"<p>Elegante set premium que incluye:Termo de doble capa en acero inoxidable reciclado de acabado negro mate y de 500 ml de capacidad, con asa r\u00edgida de metal color plata mate. Con distintivo acero inoxidableBloc de notas en RPET en elegante color negro, con detalle met\u00e1lico especial para marcaje en l\u00e1ser. Incluye cierre el\u00e1stico y marcap\u00e1ginas de tela. Interior con 80 hojas de disposici\u00f3n a una raya. Con distintivo RPETParaguas plegable de color negro con 98cm de di\u00e1metro. En material pongee 190T RPET. De apertura manual, con sistema anti viento y varillas fibra de vidrio. Con funda de transporte y cintas a juego. Con etiqueta distintiva RPET.Bol\u00edgrafo en RPET de acabado negro mate, de mecanismo giratorio y tinta azul. El material RPET se elabora a partir de pl\u00e1stico reciclado, para as\u00ed fomentar la reutilizaci\u00f3n de residuos pl\u00e1sticos y ayudar a la sostenibilidad del planeta. Set presentado en estuche individual de acabado mate, con troquelado interior para cada uno de los elementos del set.<\/p>","protected":false},"excerpt":{"rendered":"<p>Bid\u00f3n T\u00e9rmico Acero Inox Reciclado, 500 ml. Bloc Poli\u00e9ster 300D RPET, Portada R\u00edgida, 80 Hojas. Bol\u00edgrafo Poli\u00e9ster 300D RPET Incluido<\/p>","protected":false},"featured_media":83313,"comment_status":"open","ping_status":"open","template":"","meta":{"inline_featured_image":false},"product_brand":[],"product_cat":[122,118,106],"product_tag":[],"class_list":{"0":"post-42866","1":"product","2":"type-product","3":"status-publish","4":"has-post-thumbnail","6":"product_cat-articulos-sostenibles","7":"product_cat-lluvia-y-frio","8":"product_cat-regalos-y-premiums","10":"first","11":"instock","12":"taxable","13":"shipping-taxable","14":"purchasable","15":"product-type-variable","16":"has-default-attributes"},"aioseo_notices":[],"_links":{"self":[{"href":"https:\/\/imprimeideas.es\/en\/wp-json\/wp\/v2\/product\/42866","targetHints":{"allow":["GET"]}}],"collection":[{"href":"https:\/\/imprimeideas.es\/en\/wp-json\/wp\/v2\/product"}],"about":[{"href":"https:\/\/imprimeideas.es\/en\/wp-json\/wp\/v2\/types\/product"}],"replies":[{"embeddable":true,"href":"https:\/\/imprimeideas.es\/en\/wp-json\/wp\/v2\/comments?post=42866"}],"version-history":[{"count":1,"href":"https:\/\/imprimeideas.es\/en\/wp-json\/wp\/v2\/product\/42866\/revisions"}],"predecessor-version":[{"id":55048,"href":"https:\/\/imprimeideas.es\/en\/wp-json\/wp\/v2\/product\/42866\/revisions\/55048"}],"wp:featuredmedia":[{"embeddable":true,"href":"https:\/\/imprimeideas.es\/en\/wp-json\/wp\/v2\/media\/83313"}],"wp:attachment":[{"href":"https:\/\/imprimeideas.es\/en\/wp-json\/wp\/v2\/media?parent=42866"}],"wp:term":[{"taxonomy":"product_brand","embeddable":true,"href":"https:\/\/imprimeideas.es\/en\/wp-json\/wp\/v2\/product_brand?post=42866"},{"taxonomy":"product_cat","embeddable":true,"href":"https:\/\/imprimeideas.es\/en\/wp-json\/wp\/v2\/product_cat?post=42866"},{"taxonomy":"product_tag","embeddable":true,"href":"https:\/\/imprimeideas.es\/en\/wp-json\/wp\/v2\/product_tag?post=42866"}],"curies":[{"name":"wp","href":"https:\/\/api.w.org\/{rel}","templated":true}]}}