{"id":42864,"date":"2026-02-24T11:29:15","date_gmt":"2026-02-24T10:29:15","guid":{"rendered":"https:\/\/imprimeideas.es\/?post_type=product&p=42864"},"modified":"2026-02-26T18:03:07","modified_gmt":"2026-02-26T17:03:07","slug":"paraguas-barbra","status":"publish","type":"product","link":"https:\/\/imprimeideas.es\/en\/product\/paraguas-barbra\/","title":{"rendered":"Paraguas Barbra"},"content":{"rendered":"<p>Paraguas plegable de 97cm de di\u00e1metro. En material pongee 190T RPET. De apertura manual, con sistema anti viento y varillas fabricadas en fibra de vidrio. Mango ergon\u00f3mico con elegante detalle en bamb\u00fa, f\u00e1cil transporte gracias a su cord\u00f3n, funda y cierre con velcro a juego. Con etiqueta distintiva RPET. Presentado en bolsa individual reciclada.El material RPET se elabora a partir de pl\u00e1stico reciclado, para as\u00ed fomentar la reutilizaci\u00f3n de residuos pl\u00e1sticos y ayudar a la sostenibilidad del planeta.<\/p>","protected":false},"excerpt":{"rendered":"<p>21&#8243;. Sistema Antiviento. Funda Pongee RPET<\/p>","protected":false},"featured_media":82429,"comment_status":"open","ping_status":"open","template":"","meta":{"inline_featured_image":false},"product_brand":[],"product_cat":[122,118],"product_tag":[],"class_list":{"0":"post-42864","1":"product","2":"type-product","3":"status-publish","4":"has-post-thumbnail","6":"product_cat-articulos-sostenibles","7":"product_cat-lluvia-y-frio","9":"first","10":"instock","11":"taxable","12":"shipping-taxable","13":"purchasable","14":"product-type-variable","15":"has-default-attributes"},"aioseo_notices":[],"_links":{"self":[{"href":"https:\/\/imprimeideas.es\/en\/wp-json\/wp\/v2\/product\/42864","targetHints":{"allow":["GET"]}}],"collection":[{"href":"https:\/\/imprimeideas.es\/en\/wp-json\/wp\/v2\/product"}],"about":[{"href":"https:\/\/imprimeideas.es\/en\/wp-json\/wp\/v2\/types\/product"}],"replies":[{"embeddable":true,"href":"https:\/\/imprimeideas.es\/en\/wp-json\/wp\/v2\/comments?post=42864"}],"version-history":[{"count":1,"href":"https:\/\/imprimeideas.es\/en\/wp-json\/wp\/v2\/product\/42864\/revisions"}],"predecessor-version":[{"id":55047,"href":"https:\/\/imprimeideas.es\/en\/wp-json\/wp\/v2\/product\/42864\/revisions\/55047"}],"wp:featuredmedia":[{"embeddable":true,"href":"https:\/\/imprimeideas.es\/en\/wp-json\/wp\/v2\/media\/82429"}],"wp:attachment":[{"href":"https:\/\/imprimeideas.es\/en\/wp-json\/wp\/v2\/media?parent=42864"}],"wp:term":[{"taxonomy":"product_brand","embeddable":true,"href":"https:\/\/imprimeideas.es\/en\/wp-json\/wp\/v2\/product_brand?post=42864"},{"taxonomy":"product_cat","embeddable":true,"href":"https:\/\/imprimeideas.es\/en\/wp-json\/wp\/v2\/product_cat?post=42864"},{"taxonomy":"product_tag","embeddable":true,"href":"https:\/\/imprimeideas.es\/en\/wp-json\/wp\/v2\/product_tag?post=42864"}],"curies":[{"name":"wp","href":"https:\/\/api.w.org\/{rel}","templated":true}]}}