{"id":42857,"date":"2026-02-24T11:29:14","date_gmt":"2026-02-24T10:29:14","guid":{"rendered":"https:\/\/imprimeideas.es\/?post_type=product&p=42857"},"modified":"2026-02-26T18:32:50","modified_gmt":"2026-02-26T17:32:50","slug":"libreta-fanny","status":"publish","type":"product","link":"https:\/\/imprimeideas.es\/en\/product\/libreta-fanny\/","title":{"rendered":"Libreta Fanny"},"content":{"rendered":"<p>Libreta de anillas con tapas de ca\u00f1a de trigo y bol\u00edgrafo a juego, tambi\u00e9n en ca\u00f1a de trigo. De tama\u00f1o compacto, con el\u00e1stico de cierre en elegante color negro. Incluye 70 hojas con disposici\u00f3n a una raya y dise\u00f1o eco. Bol\u00edgrafo de mecanismo pulsador en ca\u00f1a de trigo con tinta azul. Incluye distintivo Wheat Straw. Presentado en bolsa individual reciclada.Elaborado con elementos vegetales para as\u00ed fomentar la utilizaci\u00f3n de materias primas naturales y reducir las emisiones contaminantes.<\/p>","protected":false},"excerpt":{"rendered":"<p>70 Hojas. Bol\u00edgrafo Ca\u00f1a de Trigo\/ ABS Incluido<\/p>","protected":false},"featured_media":85935,"comment_status":"open","ping_status":"open","template":"","meta":{"inline_featured_image":false},"product_brand":[],"product_cat":[122,96],"product_tag":[],"class_list":{"0":"post-42857","1":"product","2":"type-product","3":"status-publish","4":"has-post-thumbnail","6":"product_cat-articulos-sostenibles","7":"product_cat-oficina-y-negocios","9":"first","10":"instock","11":"taxable","12":"shipping-taxable","13":"purchasable","14":"product-type-variable","15":"has-default-attributes"},"aioseo_notices":[],"_links":{"self":[{"href":"https:\/\/imprimeideas.es\/en\/wp-json\/wp\/v2\/product\/42857","targetHints":{"allow":["GET"]}}],"collection":[{"href":"https:\/\/imprimeideas.es\/en\/wp-json\/wp\/v2\/product"}],"about":[{"href":"https:\/\/imprimeideas.es\/en\/wp-json\/wp\/v2\/types\/product"}],"replies":[{"embeddable":true,"href":"https:\/\/imprimeideas.es\/en\/wp-json\/wp\/v2\/comments?post=42857"}],"version-history":[{"count":1,"href":"https:\/\/imprimeideas.es\/en\/wp-json\/wp\/v2\/product\/42857\/revisions"}],"predecessor-version":[{"id":55044,"href":"https:\/\/imprimeideas.es\/en\/wp-json\/wp\/v2\/product\/42857\/revisions\/55044"}],"wp:featuredmedia":[{"embeddable":true,"href":"https:\/\/imprimeideas.es\/en\/wp-json\/wp\/v2\/media\/85935"}],"wp:attachment":[{"href":"https:\/\/imprimeideas.es\/en\/wp-json\/wp\/v2\/media?parent=42857"}],"wp:term":[{"taxonomy":"product_brand","embeddable":true,"href":"https:\/\/imprimeideas.es\/en\/wp-json\/wp\/v2\/product_brand?post=42857"},{"taxonomy":"product_cat","embeddable":true,"href":"https:\/\/imprimeideas.es\/en\/wp-json\/wp\/v2\/product_cat?post=42857"},{"taxonomy":"product_tag","embeddable":true,"href":"https:\/\/imprimeideas.es\/en\/wp-json\/wp\/v2\/product_tag?post=42857"}],"curies":[{"name":"wp","href":"https:\/\/api.w.org\/{rel}","templated":true}]}}