{"id":42845,"date":"2026-02-24T11:29:13","date_gmt":"2026-02-24T10:29:13","guid":{"rendered":"https:\/\/imprimeideas.es\/?post_type=product&p=42845"},"modified":"2026-02-26T18:42:26","modified_gmt":"2026-02-26T17:42:26","slug":"libreta-kimberly","status":"publish","type":"product","link":"https:\/\/imprimeideas.es\/en\/product\/libreta-kimberly\/","title":{"rendered":"Libreta Kimberly"},"content":{"rendered":"<p>Libreta de anillas A5 con tapas duras en resistente material RPET 300D. Interior con 100 hojas a una raya y 100% recicladas microperforadas. Incluye distintivo RPET en contraportada. Presentado en bolsa individual reciclada.El material RPET se elabora a partir de pl\u00e1stico reciclado, para as\u00ed fomentar la reutilizaci\u00f3n de residuos pl\u00e1sticos y ayudar a la sostenibilidad del planeta.<\/p>","protected":false},"excerpt":{"rendered":"<p>Portada R\u00edgida. 100 Hojas<\/p>","protected":false},"featured_media":84166,"comment_status":"open","ping_status":"open","template":"","meta":{"inline_featured_image":false},"product_brand":[],"product_cat":[122,96],"product_tag":[],"class_list":{"0":"post-42845","1":"product","2":"type-product","3":"status-publish","4":"has-post-thumbnail","6":"product_cat-articulos-sostenibles","7":"product_cat-oficina-y-negocios","9":"first","10":"instock","11":"taxable","12":"shipping-taxable","13":"purchasable","14":"product-type-variable","15":"has-default-attributes"},"aioseo_notices":[],"_links":{"self":[{"href":"https:\/\/imprimeideas.es\/en\/wp-json\/wp\/v2\/product\/42845","targetHints":{"allow":["GET"]}}],"collection":[{"href":"https:\/\/imprimeideas.es\/en\/wp-json\/wp\/v2\/product"}],"about":[{"href":"https:\/\/imprimeideas.es\/en\/wp-json\/wp\/v2\/types\/product"}],"replies":[{"embeddable":true,"href":"https:\/\/imprimeideas.es\/en\/wp-json\/wp\/v2\/comments?post=42845"}],"version-history":[{"count":1,"href":"https:\/\/imprimeideas.es\/en\/wp-json\/wp\/v2\/product\/42845\/revisions"}],"predecessor-version":[{"id":55040,"href":"https:\/\/imprimeideas.es\/en\/wp-json\/wp\/v2\/product\/42845\/revisions\/55040"}],"wp:featuredmedia":[{"embeddable":true,"href":"https:\/\/imprimeideas.es\/en\/wp-json\/wp\/v2\/media\/84166"}],"wp:attachment":[{"href":"https:\/\/imprimeideas.es\/en\/wp-json\/wp\/v2\/media?parent=42845"}],"wp:term":[{"taxonomy":"product_brand","embeddable":true,"href":"https:\/\/imprimeideas.es\/en\/wp-json\/wp\/v2\/product_brand?post=42845"},{"taxonomy":"product_cat","embeddable":true,"href":"https:\/\/imprimeideas.es\/en\/wp-json\/wp\/v2\/product_cat?post=42845"},{"taxonomy":"product_tag","embeddable":true,"href":"https:\/\/imprimeideas.es\/en\/wp-json\/wp\/v2\/product_tag?post=42845"}],"curies":[{"name":"wp","href":"https:\/\/api.w.org\/{rel}","templated":true}]}}