{"id":42829,"date":"2026-02-24T11:29:11","date_gmt":"2026-02-24T10:29:11","guid":{"rendered":"https:\/\/imprimeideas.es\/?post_type=product&p=42829"},"modified":"2026-02-26T18:32:59","modified_gmt":"2026-02-26T17:32:59","slug":"boligrafo-stello","status":"publish","type":"product","link":"https:\/\/imprimeideas.es\/en\/product\/boligrafo-stello\/","title":{"rendered":"Bol\u00edgrafo Stello"},"content":{"rendered":"<p>Bol\u00edgrafo 4 en 1 con mecanismo pulsador retr\u00e1ctil. Combinaci\u00f3n de cuerpo en corcho natural y accesorios en ca\u00f1a de trigo y ABS, para fomentar la utilizaci\u00f3n y reciclado de materias primas, reduciendo as\u00ed las emisiones contaminantes. De 4 cartuchos en tinta azul, roja, negra y verde.Elaborado con elementos vegetales para as\u00ed fomentar la utilizaci\u00f3n de materias primas naturales y reducir las emisiones contaminantes.<\/p>","protected":false},"excerpt":{"rendered":"<p>Escritura 4 Colores<\/p>","protected":false},"featured_media":62578,"comment_status":"open","ping_status":"open","template":"","meta":{"inline_featured_image":false},"product_brand":[],"product_cat":[122,100],"product_tag":[],"class_list":{"0":"post-42829","1":"product","2":"type-product","3":"status-publish","4":"has-post-thumbnail","6":"product_cat-articulos-sostenibles","7":"product_cat-escritura","9":"first","10":"instock","11":"taxable","12":"shipping-taxable","13":"purchasable","14":"product-type-variable","15":"has-default-attributes"},"aioseo_notices":[],"_links":{"self":[{"href":"https:\/\/imprimeideas.es\/en\/wp-json\/wp\/v2\/product\/42829","targetHints":{"allow":["GET"]}}],"collection":[{"href":"https:\/\/imprimeideas.es\/en\/wp-json\/wp\/v2\/product"}],"about":[{"href":"https:\/\/imprimeideas.es\/en\/wp-json\/wp\/v2\/types\/product"}],"replies":[{"embeddable":true,"href":"https:\/\/imprimeideas.es\/en\/wp-json\/wp\/v2\/comments?post=42829"}],"version-history":[{"count":1,"href":"https:\/\/imprimeideas.es\/en\/wp-json\/wp\/v2\/product\/42829\/revisions"}],"predecessor-version":[{"id":55037,"href":"https:\/\/imprimeideas.es\/en\/wp-json\/wp\/v2\/product\/42829\/revisions\/55037"}],"wp:featuredmedia":[{"embeddable":true,"href":"https:\/\/imprimeideas.es\/en\/wp-json\/wp\/v2\/media\/62578"}],"wp:attachment":[{"href":"https:\/\/imprimeideas.es\/en\/wp-json\/wp\/v2\/media?parent=42829"}],"wp:term":[{"taxonomy":"product_brand","embeddable":true,"href":"https:\/\/imprimeideas.es\/en\/wp-json\/wp\/v2\/product_brand?post=42829"},{"taxonomy":"product_cat","embeddable":true,"href":"https:\/\/imprimeideas.es\/en\/wp-json\/wp\/v2\/product_cat?post=42829"},{"taxonomy":"product_tag","embeddable":true,"href":"https:\/\/imprimeideas.es\/en\/wp-json\/wp\/v2\/product_tag?post=42829"}],"curies":[{"name":"wp","href":"https:\/\/api.w.org\/{rel}","templated":true}]}}