{"id":42823,"date":"2026-02-24T11:29:11","date_gmt":"2026-02-24T10:29:11","guid":{"rendered":"https:\/\/imprimeideas.es\/?post_type=product&p=42823"},"modified":"2026-02-26T18:13:47","modified_gmt":"2026-02-26T17:13:47","slug":"boligrafo-cezon","status":"publish","type":"product","link":"https:\/\/imprimeideas.es\/en\/product\/boligrafo-cezon\/","title":{"rendered":"Bol\u00edgrafo Cezon"},"content":{"rendered":"<p>Bol\u00edgrafo de mecanismo pulsador con cuerpo en cart\u00f3n reciclado. Clip, punta y pulsador en ca\u00f1a de trigo. En tinta azul y con distintivo Wheat Straw en la parte superior del bol\u00edgrafo.El cart\u00f3n reciclado proviene del reaprovechamiento de excedente de fabricaciones y reciclaje de papel en el final de su vida \u00fatil, convirti\u00e9ndose en un lienzo ecol\u00f3gico y sostenible. La ca\u00f1a de trigo fomenta la utilizaci\u00f3n de materias primas naturales, reduciendo as\u00ed las emisiones contaminantes.<\/p>","protected":false},"excerpt":{"rendered":"<p>Bol\u00edgrafo de mecanismo pulsador con cuerpo en cart\u00f3n reciclado. Clip, punta y pulsador en ca\u00f1a de trigo. En tinta azul<\/p>","protected":false},"featured_media":84845,"comment_status":"open","ping_status":"open","template":"","meta":{"inline_featured_image":false},"product_brand":[],"product_cat":[122,100],"product_tag":[],"class_list":{"0":"post-42823","1":"product","2":"type-product","3":"status-publish","4":"has-post-thumbnail","6":"product_cat-articulos-sostenibles","7":"product_cat-escritura","9":"first","10":"instock","11":"taxable","12":"shipping-taxable","13":"purchasable","14":"product-type-variable","15":"has-default-attributes"},"aioseo_notices":[],"_links":{"self":[{"href":"https:\/\/imprimeideas.es\/en\/wp-json\/wp\/v2\/product\/42823","targetHints":{"allow":["GET"]}}],"collection":[{"href":"https:\/\/imprimeideas.es\/en\/wp-json\/wp\/v2\/product"}],"about":[{"href":"https:\/\/imprimeideas.es\/en\/wp-json\/wp\/v2\/types\/product"}],"replies":[{"embeddable":true,"href":"https:\/\/imprimeideas.es\/en\/wp-json\/wp\/v2\/comments?post=42823"}],"version-history":[{"count":1,"href":"https:\/\/imprimeideas.es\/en\/wp-json\/wp\/v2\/product\/42823\/revisions"}],"predecessor-version":[{"id":55036,"href":"https:\/\/imprimeideas.es\/en\/wp-json\/wp\/v2\/product\/42823\/revisions\/55036"}],"wp:featuredmedia":[{"embeddable":true,"href":"https:\/\/imprimeideas.es\/en\/wp-json\/wp\/v2\/media\/84845"}],"wp:attachment":[{"href":"https:\/\/imprimeideas.es\/en\/wp-json\/wp\/v2\/media?parent=42823"}],"wp:term":[{"taxonomy":"product_brand","embeddable":true,"href":"https:\/\/imprimeideas.es\/en\/wp-json\/wp\/v2\/product_brand?post=42823"},{"taxonomy":"product_cat","embeddable":true,"href":"https:\/\/imprimeideas.es\/en\/wp-json\/wp\/v2\/product_cat?post=42823"},{"taxonomy":"product_tag","embeddable":true,"href":"https:\/\/imprimeideas.es\/en\/wp-json\/wp\/v2\/product_tag?post=42823"}],"curies":[{"name":"wp","href":"https:\/\/api.w.org\/{rel}","templated":true}]}}