{"id":42816,"date":"2026-02-24T11:29:10","date_gmt":"2026-02-24T10:29:10","guid":{"rendered":"https:\/\/imprimeideas.es\/?post_type=product&p=42816"},"modified":"2026-02-26T18:13:34","modified_gmt":"2026-02-26T17:13:34","slug":"boligrafo-ankor","status":"publish","type":"product","link":"https:\/\/imprimeideas.es\/en\/product\/boligrafo-ankor\/","title":{"rendered":"Bol\u00edgrafo Ankor"},"content":{"rendered":"<p>Bol\u00edgrafo de mecanismo pulsador con cuerpo en corcho natural. Clip, punta y pulsador en ca\u00f1a de trigo. Disponible en variada gama de colores. Distintivo Wheat Straw en la parte superior del bol\u00edgrafo. En tinta azul.Elaborado con elementos vegetales, para as\u00ed fomentar la utilizaci\u00f3n de materias primas naturales y reducir las emisiones contaminantes.<\/p>","protected":false},"excerpt":{"rendered":"<p>Bol\u00edgrafo de mecanismo pulsador con cuerpo en corcho natural. Clip, punta y pulsador en ca\u00f1a de trigo. Disponible en variada<\/p>","protected":false},"featured_media":79044,"comment_status":"open","ping_status":"open","template":"","meta":{"inline_featured_image":false},"product_brand":[],"product_cat":[122,100],"product_tag":[],"class_list":{"0":"post-42816","1":"product","2":"type-product","3":"status-publish","4":"has-post-thumbnail","6":"product_cat-articulos-sostenibles","7":"product_cat-escritura","9":"first","10":"instock","11":"taxable","12":"shipping-taxable","13":"purchasable","14":"product-type-variable","15":"has-default-attributes"},"aioseo_notices":[],"_links":{"self":[{"href":"https:\/\/imprimeideas.es\/en\/wp-json\/wp\/v2\/product\/42816","targetHints":{"allow":["GET"]}}],"collection":[{"href":"https:\/\/imprimeideas.es\/en\/wp-json\/wp\/v2\/product"}],"about":[{"href":"https:\/\/imprimeideas.es\/en\/wp-json\/wp\/v2\/types\/product"}],"replies":[{"embeddable":true,"href":"https:\/\/imprimeideas.es\/en\/wp-json\/wp\/v2\/comments?post=42816"}],"version-history":[{"count":1,"href":"https:\/\/imprimeideas.es\/en\/wp-json\/wp\/v2\/product\/42816\/revisions"}],"predecessor-version":[{"id":55035,"href":"https:\/\/imprimeideas.es\/en\/wp-json\/wp\/v2\/product\/42816\/revisions\/55035"}],"wp:featuredmedia":[{"embeddable":true,"href":"https:\/\/imprimeideas.es\/en\/wp-json\/wp\/v2\/media\/79044"}],"wp:attachment":[{"href":"https:\/\/imprimeideas.es\/en\/wp-json\/wp\/v2\/media?parent=42816"}],"wp:term":[{"taxonomy":"product_brand","embeddable":true,"href":"https:\/\/imprimeideas.es\/en\/wp-json\/wp\/v2\/product_brand?post=42816"},{"taxonomy":"product_cat","embeddable":true,"href":"https:\/\/imprimeideas.es\/en\/wp-json\/wp\/v2\/product_cat?post=42816"},{"taxonomy":"product_tag","embeddable":true,"href":"https:\/\/imprimeideas.es\/en\/wp-json\/wp\/v2\/product_tag?post=42816"}],"curies":[{"name":"wp","href":"https:\/\/api.w.org\/{rel}","templated":true}]}}