{"id":42806,"date":"2026-02-24T11:29:09","date_gmt":"2026-02-24T10:29:09","guid":{"rendered":"https:\/\/imprimeideas.es\/?post_type=product&p=42806"},"modified":"2026-02-26T18:42:31","modified_gmt":"2026-02-26T17:42:31","slug":"libreta-emily","status":"publish","type":"product","link":"https:\/\/imprimeideas.es\/en\/product\/libreta-emily\/","title":{"rendered":"Libreta Emily"},"content":{"rendered":"<p>Set de libreta y bol\u00edgrafo. Libreta de anillas con tapas en ca\u00f1a de trigo y soporte para el bol\u00edgrafo. De 80 hojas con dise\u00f1o eco y disposici\u00f3n a una raya. Bol\u00edgrafo de mecanismo pulsador, con cuerpo en ca\u00f1a de trigo y tinta azul. Con distintivo Wheat Straw. Presentado en bolsa individual reciclada.Elaborado con elementos vegetales para as\u00ed fomentar la utilizaci\u00f3n de materias primas naturales y reducir las emisiones contaminantes.<\/p>","protected":false},"excerpt":{"rendered":"<p>80 Hojas. Bol\u00edgrafo Ca\u00f1a de Trigo\/ PP Incluido<\/p>","protected":false},"featured_media":43097,"comment_status":"open","ping_status":"open","template":"","meta":{"inline_featured_image":false},"product_brand":[],"product_cat":[122,96],"product_tag":[],"class_list":{"0":"post-42806","1":"product","2":"type-product","3":"status-publish","4":"has-post-thumbnail","6":"product_cat-articulos-sostenibles","7":"product_cat-oficina-y-negocios","9":"first","10":"instock","11":"taxable","12":"shipping-taxable","13":"purchasable","14":"product-type-variable","15":"has-default-attributes"},"aioseo_notices":[],"_links":{"self":[{"href":"https:\/\/imprimeideas.es\/en\/wp-json\/wp\/v2\/product\/42806","targetHints":{"allow":["GET"]}}],"collection":[{"href":"https:\/\/imprimeideas.es\/en\/wp-json\/wp\/v2\/product"}],"about":[{"href":"https:\/\/imprimeideas.es\/en\/wp-json\/wp\/v2\/types\/product"}],"replies":[{"embeddable":true,"href":"https:\/\/imprimeideas.es\/en\/wp-json\/wp\/v2\/comments?post=42806"}],"version-history":[{"count":1,"href":"https:\/\/imprimeideas.es\/en\/wp-json\/wp\/v2\/product\/42806\/revisions"}],"predecessor-version":[{"id":55033,"href":"https:\/\/imprimeideas.es\/en\/wp-json\/wp\/v2\/product\/42806\/revisions\/55033"}],"wp:featuredmedia":[{"embeddable":true,"href":"https:\/\/imprimeideas.es\/en\/wp-json\/wp\/v2\/media\/43097"}],"wp:attachment":[{"href":"https:\/\/imprimeideas.es\/en\/wp-json\/wp\/v2\/media?parent=42806"}],"wp:term":[{"taxonomy":"product_brand","embeddable":true,"href":"https:\/\/imprimeideas.es\/en\/wp-json\/wp\/v2\/product_brand?post=42806"},{"taxonomy":"product_cat","embeddable":true,"href":"https:\/\/imprimeideas.es\/en\/wp-json\/wp\/v2\/product_cat?post=42806"},{"taxonomy":"product_tag","embeddable":true,"href":"https:\/\/imprimeideas.es\/en\/wp-json\/wp\/v2\/product_tag?post=42806"}],"curies":[{"name":"wp","href":"https:\/\/api.w.org\/{rel}","templated":true}]}}