{"id":42804,"date":"2026-02-24T11:29:09","date_gmt":"2026-02-24T10:29:09","guid":{"rendered":"https:\/\/imprimeideas.es\/?post_type=product&p=42804"},"modified":"2026-02-26T18:28:09","modified_gmt":"2026-02-26T17:28:09","slug":"libreta-alanna","status":"publish","type":"product","link":"https:\/\/imprimeideas.es\/en\/product\/libreta-alanna\/","title":{"rendered":"Libreta Alanna"},"content":{"rendered":"<p>Set de libreta y bol\u00edgrafo. Libreta de anillas con tapas fabricadas en suave fibra de caf\u00e9 y soporte para el bol\u00edgrafo. De 80 hojas con dise\u00f1o eco y disposici\u00f3n a una raya. Bol\u00edgrafo de mecanismo pulsador, con cuerpo en fibra de caf\u00e9 y tinta azul. Incluye distintivo fibra de caf\u00e9 impreso en libreta y bol\u00edgrafo. Presentado en bolsa individual reciclada.La fibra de caf\u00e9 se elaborada a partir de los residuos producidos en la obtenci\u00f3n del caf\u00e9. Una alternativa sostenible que favorece la reducci\u00f3n del uso de pl\u00e1sticos, ahorrando energ\u00eda en el proceso de fabricaci\u00f3n y fomentando as\u00ed el cuidado del medio ambiente.<\/p>","protected":false},"excerpt":{"rendered":"<p>80 Hojas. Bol\u00edgrafo Fibra de Caf\u00e9\/ PP Incluido<\/p>","protected":false},"featured_media":72882,"comment_status":"open","ping_status":"open","template":"","meta":{"inline_featured_image":false},"product_brand":[],"product_cat":[122,96],"product_tag":[],"class_list":{"0":"post-42804","1":"product","2":"type-product","3":"status-publish","4":"has-post-thumbnail","6":"product_cat-articulos-sostenibles","7":"product_cat-oficina-y-negocios","9":"first","10":"instock","11":"taxable","12":"shipping-taxable","13":"purchasable","14":"product-type-variable","15":"has-default-attributes"},"aioseo_notices":[],"_links":{"self":[{"href":"https:\/\/imprimeideas.es\/en\/wp-json\/wp\/v2\/product\/42804","targetHints":{"allow":["GET"]}}],"collection":[{"href":"https:\/\/imprimeideas.es\/en\/wp-json\/wp\/v2\/product"}],"about":[{"href":"https:\/\/imprimeideas.es\/en\/wp-json\/wp\/v2\/types\/product"}],"replies":[{"embeddable":true,"href":"https:\/\/imprimeideas.es\/en\/wp-json\/wp\/v2\/comments?post=42804"}],"version-history":[{"count":1,"href":"https:\/\/imprimeideas.es\/en\/wp-json\/wp\/v2\/product\/42804\/revisions"}],"predecessor-version":[{"id":55032,"href":"https:\/\/imprimeideas.es\/en\/wp-json\/wp\/v2\/product\/42804\/revisions\/55032"}],"wp:featuredmedia":[{"embeddable":true,"href":"https:\/\/imprimeideas.es\/en\/wp-json\/wp\/v2\/media\/72882"}],"wp:attachment":[{"href":"https:\/\/imprimeideas.es\/en\/wp-json\/wp\/v2\/media?parent=42804"}],"wp:term":[{"taxonomy":"product_brand","embeddable":true,"href":"https:\/\/imprimeideas.es\/en\/wp-json\/wp\/v2\/product_brand?post=42804"},{"taxonomy":"product_cat","embeddable":true,"href":"https:\/\/imprimeideas.es\/en\/wp-json\/wp\/v2\/product_cat?post=42804"},{"taxonomy":"product_tag","embeddable":true,"href":"https:\/\/imprimeideas.es\/en\/wp-json\/wp\/v2\/product_tag?post=42804"}],"curies":[{"name":"wp","href":"https:\/\/api.w.org\/{rel}","templated":true}]}}