{"id":42802,"date":"2026-02-24T11:29:09","date_gmt":"2026-02-24T10:29:09","guid":{"rendered":"https:\/\/imprimeideas.es\/?post_type=product&p=42802"},"modified":"2026-02-26T18:23:15","modified_gmt":"2026-02-26T17:23:15","slug":"libreta-amber","status":"publish","type":"product","link":"https:\/\/imprimeideas.es\/en\/product\/libreta-amber\/","title":{"rendered":"Libreta Amber"},"content":{"rendered":"<p>Set de libreta y bol\u00edgrafo. Contenido: Libreta de anillas con tapas r\u00edgidas fabricada a base de extractos de piedra en elegante acabado de color blanco y soporte para el bol\u00edgrafo. Portada de dise\u00f1o \u00fanico con relieve troquelado. De 70 hojas color blanco y disposici\u00f3n a una raya, con distintivo Natural Stone.Bol\u00edgrafo de l\u00ednea nature y mecanismo pulsador. Cuerpo troquelado fabricado con extractos de piedra natural, ayudando a la reducci\u00f3n del uso de pl\u00e1sticos, adem\u00e1s de proporcionar un acabado suave y resistente. En color blanco y con distintivo Natural Stone en la parte superior. De cartucho jumbo y en tinta azul.El material usado en la elaboraci\u00f3n de la libreta es 100% reciclable y libre de cloro, con propiedades impermeables, altamente resistente y lavable, convirti\u00e9ndose as\u00ed en una alternativa ecol\u00f3gica y sostenible frente al papel convencional, cuyo origen no es el tradicional ni proviene de los \u00e1rboles.Presentado en bolsa individual reciclada<\/p>","protected":false},"excerpt":{"rendered":"<p>Portada R\u00edgida. 70 Hojas. Bol\u00edgrafo Extractos de Piedra Natural\/ ABS Incluido. Carga Jumbo<\/p>","protected":false},"featured_media":86276,"comment_status":"open","ping_status":"open","template":"","meta":{"inline_featured_image":false},"product_brand":[],"product_cat":[122,96],"product_tag":[],"class_list":{"0":"post-42802","1":"product","2":"type-product","3":"status-publish","4":"has-post-thumbnail","6":"product_cat-articulos-sostenibles","7":"product_cat-oficina-y-negocios","9":"first","10":"instock","11":"taxable","12":"shipping-taxable","13":"purchasable","14":"product-type-variable","15":"has-default-attributes"},"aioseo_notices":[],"_links":{"self":[{"href":"https:\/\/imprimeideas.es\/en\/wp-json\/wp\/v2\/product\/42802","targetHints":{"allow":["GET"]}}],"collection":[{"href":"https:\/\/imprimeideas.es\/en\/wp-json\/wp\/v2\/product"}],"about":[{"href":"https:\/\/imprimeideas.es\/en\/wp-json\/wp\/v2\/types\/product"}],"replies":[{"embeddable":true,"href":"https:\/\/imprimeideas.es\/en\/wp-json\/wp\/v2\/comments?post=42802"}],"version-history":[{"count":1,"href":"https:\/\/imprimeideas.es\/en\/wp-json\/wp\/v2\/product\/42802\/revisions"}],"predecessor-version":[{"id":55031,"href":"https:\/\/imprimeideas.es\/en\/wp-json\/wp\/v2\/product\/42802\/revisions\/55031"}],"wp:featuredmedia":[{"embeddable":true,"href":"https:\/\/imprimeideas.es\/en\/wp-json\/wp\/v2\/media\/86276"}],"wp:attachment":[{"href":"https:\/\/imprimeideas.es\/en\/wp-json\/wp\/v2\/media?parent=42802"}],"wp:term":[{"taxonomy":"product_brand","embeddable":true,"href":"https:\/\/imprimeideas.es\/en\/wp-json\/wp\/v2\/product_brand?post=42802"},{"taxonomy":"product_cat","embeddable":true,"href":"https:\/\/imprimeideas.es\/en\/wp-json\/wp\/v2\/product_cat?post=42802"},{"taxonomy":"product_tag","embeddable":true,"href":"https:\/\/imprimeideas.es\/en\/wp-json\/wp\/v2\/product_tag?post=42802"}],"curies":[{"name":"wp","href":"https:\/\/api.w.org\/{rel}","templated":true}]}}