{"id":42795,"date":"2026-02-24T11:29:08","date_gmt":"2026-02-24T10:29:08","guid":{"rendered":"https:\/\/imprimeideas.es\/?post_type=product&p=42795"},"modified":"2026-02-26T18:03:13","modified_gmt":"2026-02-26T17:03:13","slug":"libreta-ciara","status":"publish","type":"product","link":"https:\/\/imprimeideas.es\/en\/product\/libreta-ciara\/","title":{"rendered":"Libreta Ciara"},"content":{"rendered":"<p>Set de libreta y bol\u00edgrafo. Libreta de anillas con tapas r\u00edgidas fabricadas en RABS y bol\u00edgrafo a juego. De tama\u00f1o A5, con el\u00e1stico de cierre elegante disponible en amplia variedad de colores. Interior con 70 hojas blancas con disposici\u00f3n a una raya. Bol\u00edgrafo de mecanismo pulsador en RABS con tinta azul. Incluyen distintivo RABS. Presentado en bolsa individual reciclada.<\/p>","protected":false},"excerpt":{"rendered":"<p>Portada R\u00edgida. 70 Hojas. Bol\u00edgrafo RABS Incluido<\/p>","protected":false},"featured_media":60963,"comment_status":"open","ping_status":"open","template":"","meta":{"inline_featured_image":false},"product_brand":[],"product_cat":[122,96],"product_tag":[],"class_list":{"0":"post-42795","1":"product","2":"type-product","3":"status-publish","4":"has-post-thumbnail","6":"product_cat-articulos-sostenibles","7":"product_cat-oficina-y-negocios","9":"first","10":"instock","11":"taxable","12":"shipping-taxable","13":"purchasable","14":"product-type-variable","15":"has-default-attributes"},"aioseo_notices":[],"_links":{"self":[{"href":"https:\/\/imprimeideas.es\/en\/wp-json\/wp\/v2\/product\/42795","targetHints":{"allow":["GET"]}}],"collection":[{"href":"https:\/\/imprimeideas.es\/en\/wp-json\/wp\/v2\/product"}],"about":[{"href":"https:\/\/imprimeideas.es\/en\/wp-json\/wp\/v2\/types\/product"}],"replies":[{"embeddable":true,"href":"https:\/\/imprimeideas.es\/en\/wp-json\/wp\/v2\/comments?post=42795"}],"version-history":[{"count":1,"href":"https:\/\/imprimeideas.es\/en\/wp-json\/wp\/v2\/product\/42795\/revisions"}],"predecessor-version":[{"id":55030,"href":"https:\/\/imprimeideas.es\/en\/wp-json\/wp\/v2\/product\/42795\/revisions\/55030"}],"wp:featuredmedia":[{"embeddable":true,"href":"https:\/\/imprimeideas.es\/en\/wp-json\/wp\/v2\/media\/60963"}],"wp:attachment":[{"href":"https:\/\/imprimeideas.es\/en\/wp-json\/wp\/v2\/media?parent=42795"}],"wp:term":[{"taxonomy":"product_brand","embeddable":true,"href":"https:\/\/imprimeideas.es\/en\/wp-json\/wp\/v2\/product_brand?post=42795"},{"taxonomy":"product_cat","embeddable":true,"href":"https:\/\/imprimeideas.es\/en\/wp-json\/wp\/v2\/product_cat?post=42795"},{"taxonomy":"product_tag","embeddable":true,"href":"https:\/\/imprimeideas.es\/en\/wp-json\/wp\/v2\/product_tag?post=42795"}],"curies":[{"name":"wp","href":"https:\/\/api.w.org\/{rel}","templated":true}]}}