{"id":42781,"date":"2026-02-24T11:29:07","date_gmt":"2026-02-24T10:29:07","guid":{"rendered":"https:\/\/imprimeideas.es\/?post_type=product&p=42781"},"modified":"2026-02-26T18:28:07","modified_gmt":"2026-02-26T17:28:07","slug":"alfombrilla-lena","status":"publish","type":"product","link":"https:\/\/imprimeideas.es\/en\/product\/alfombrilla-lena\/","title":{"rendered":"Alfombrilla Lena"},"content":{"rendered":"<p>Elegante alfombrilla de rat\u00f3n fabricada en suave fieltro RPET. Con base antideslizante de silicona, asegurando que se mantenga firme durante su uso. Incluye distinto RPET. Presentada en una bolsa individual reciclada.El fieltro RPET reciclado es fruto de la combinaci\u00f3n del proceso de reciclaje de materiales pl\u00e1sticos junto a la t\u00e9cnica milenaria de fabricaci\u00f3n del fieltro, dando como resultado un material de eco-tendencia que, adem\u00e1s de ser de origen reciclado, tambi\u00e9n se convierte en reciclable.<\/p>","protected":false},"excerpt":{"rendered":"<p>Antideslizante<\/p>","protected":false},"featured_media":71790,"comment_status":"open","ping_status":"open","template":"","meta":{"inline_featured_image":false},"product_brand":[],"product_cat":[122,96],"product_tag":[],"class_list":{"0":"post-42781","1":"product","2":"type-product","3":"status-publish","4":"has-post-thumbnail","6":"product_cat-articulos-sostenibles","7":"product_cat-oficina-y-negocios","9":"first","10":"instock","11":"taxable","12":"shipping-taxable","13":"purchasable","14":"product-type-variable","15":"has-default-attributes"},"aioseo_notices":[],"_links":{"self":[{"href":"https:\/\/imprimeideas.es\/en\/wp-json\/wp\/v2\/product\/42781","targetHints":{"allow":["GET"]}}],"collection":[{"href":"https:\/\/imprimeideas.es\/en\/wp-json\/wp\/v2\/product"}],"about":[{"href":"https:\/\/imprimeideas.es\/en\/wp-json\/wp\/v2\/types\/product"}],"replies":[{"embeddable":true,"href":"https:\/\/imprimeideas.es\/en\/wp-json\/wp\/v2\/comments?post=42781"}],"version-history":[{"count":1,"href":"https:\/\/imprimeideas.es\/en\/wp-json\/wp\/v2\/product\/42781\/revisions"}],"predecessor-version":[{"id":55026,"href":"https:\/\/imprimeideas.es\/en\/wp-json\/wp\/v2\/product\/42781\/revisions\/55026"}],"wp:featuredmedia":[{"embeddable":true,"href":"https:\/\/imprimeideas.es\/en\/wp-json\/wp\/v2\/media\/71790"}],"wp:attachment":[{"href":"https:\/\/imprimeideas.es\/en\/wp-json\/wp\/v2\/media?parent=42781"}],"wp:term":[{"taxonomy":"product_brand","embeddable":true,"href":"https:\/\/imprimeideas.es\/en\/wp-json\/wp\/v2\/product_brand?post=42781"},{"taxonomy":"product_cat","embeddable":true,"href":"https:\/\/imprimeideas.es\/en\/wp-json\/wp\/v2\/product_cat?post=42781"},{"taxonomy":"product_tag","embeddable":true,"href":"https:\/\/imprimeideas.es\/en\/wp-json\/wp\/v2\/product_tag?post=42781"}],"curies":[{"name":"wp","href":"https:\/\/api.w.org\/{rel}","templated":true}]}}