{"id":42778,"date":"2026-02-24T11:29:06","date_gmt":"2026-02-24T10:29:06","guid":{"rendered":"https:\/\/imprimeideas.es\/?post_type=product&p=42778"},"modified":"2026-02-26T18:32:57","modified_gmt":"2026-02-26T17:32:57","slug":"funda-ordenador-portatil-riley","status":"publish","type":"product","link":"https:\/\/imprimeideas.es\/en\/product\/funda-ordenador-portatil-riley\/","title":{"rendered":"Funda Ordenador Port\u00e1til Riley"},"content":{"rendered":"<p>Funda para ordenador port\u00e1til en resistente fieltro RPET reciclado. Solapa con cierre de goma el\u00e1stica y bolsillo frontal, con distintivo RPET en etiqueta exterior. Para port\u00e1tiles de hasta 15 pulgadas.El fieltro RPET reciclado es fruto de la combinaci\u00f3n del proceso de reciclaje de materiales pl\u00e1sticos junto a la t\u00e9cnica milenaria de fabricaci\u00f3n del fieltro, dando como resultado un material de eco-tendencia que, adem\u00e1s de ser de origen reciclado, tambi\u00e9n se convierte en reciclable.<\/p>","protected":false},"excerpt":{"rendered":"<p>Funda para ordenador port\u00e1til en resistente fieltro RPET reciclado. Solapa con cierre de goma el\u00e1stica y bolsillo frontal, con distintivo<\/p>","protected":false},"featured_media":83585,"comment_status":"open","ping_status":"open","template":"","meta":{"inline_featured_image":false},"product_brand":[],"product_cat":[122,96],"product_tag":[],"class_list":{"0":"post-42778","1":"product","2":"type-product","3":"status-publish","4":"has-post-thumbnail","6":"product_cat-articulos-sostenibles","7":"product_cat-oficina-y-negocios","9":"first","10":"instock","11":"taxable","12":"shipping-taxable","13":"purchasable","14":"product-type-variable","15":"has-default-attributes"},"aioseo_notices":[],"_links":{"self":[{"href":"https:\/\/imprimeideas.es\/en\/wp-json\/wp\/v2\/product\/42778","targetHints":{"allow":["GET"]}}],"collection":[{"href":"https:\/\/imprimeideas.es\/en\/wp-json\/wp\/v2\/product"}],"about":[{"href":"https:\/\/imprimeideas.es\/en\/wp-json\/wp\/v2\/types\/product"}],"replies":[{"embeddable":true,"href":"https:\/\/imprimeideas.es\/en\/wp-json\/wp\/v2\/comments?post=42778"}],"version-history":[{"count":1,"href":"https:\/\/imprimeideas.es\/en\/wp-json\/wp\/v2\/product\/42778\/revisions"}],"predecessor-version":[{"id":55025,"href":"https:\/\/imprimeideas.es\/en\/wp-json\/wp\/v2\/product\/42778\/revisions\/55025"}],"wp:featuredmedia":[{"embeddable":true,"href":"https:\/\/imprimeideas.es\/en\/wp-json\/wp\/v2\/media\/83585"}],"wp:attachment":[{"href":"https:\/\/imprimeideas.es\/en\/wp-json\/wp\/v2\/media?parent=42778"}],"wp:term":[{"taxonomy":"product_brand","embeddable":true,"href":"https:\/\/imprimeideas.es\/en\/wp-json\/wp\/v2\/product_brand?post=42778"},{"taxonomy":"product_cat","embeddable":true,"href":"https:\/\/imprimeideas.es\/en\/wp-json\/wp\/v2\/product_cat?post=42778"},{"taxonomy":"product_tag","embeddable":true,"href":"https:\/\/imprimeideas.es\/en\/wp-json\/wp\/v2\/product_tag?post=42778"}],"curies":[{"name":"wp","href":"https:\/\/api.w.org\/{rel}","templated":true}]}}