{"id":42776,"date":"2026-02-24T11:29:06","date_gmt":"2026-02-24T10:29:06","guid":{"rendered":"https:\/\/imprimeideas.es\/?post_type=product&p=42776"},"modified":"2026-02-26T18:23:31","modified_gmt":"2026-02-26T17:23:31","slug":"bidon-termico-chuck","status":"publish","type":"product","link":"https:\/\/imprimeideas.es\/en\/product\/bidon-termico-chuck\/","title":{"rendered":"Bid\u00f3n T\u00e9rmico Chuck"},"content":{"rendered":"<p>Bid\u00f3n t\u00e9rmico de acero inox y doble pared de 500 ml de capacidad en acabado mate. Con medidor de temperatura t\u00e1ctil integrado en tap\u00f3n y bater\u00eda recargable -incluido cable negro Tipo C-. Con tap\u00f3n de seguridad libre de BPA y presentado en atractiva caja individual de dise\u00f1o Kraft y en bolsa reciclada. Disponible manual de instrucciones en espa\u00f1ol e ingl\u00e9s.<\/p>","protected":false},"excerpt":{"rendered":"<p>500 ml. Medidor Temperatura T\u00e1ctil. Bater\u00eda 80 mAh<\/p>","protected":false},"featured_media":86365,"comment_status":"open","ping_status":"open","template":"","meta":{"inline_featured_image":false},"product_brand":[],"product_cat":[97],"product_tag":[],"class_list":{"0":"post-42776","1":"product","2":"type-product","3":"status-publish","4":"has-post-thumbnail","6":"product_cat-tazas-jarras-y-termos","8":"first","9":"instock","10":"taxable","11":"shipping-taxable","12":"purchasable","13":"product-type-variable","14":"has-default-attributes"},"aioseo_notices":[],"_links":{"self":[{"href":"https:\/\/imprimeideas.es\/en\/wp-json\/wp\/v2\/product\/42776","targetHints":{"allow":["GET"]}}],"collection":[{"href":"https:\/\/imprimeideas.es\/en\/wp-json\/wp\/v2\/product"}],"about":[{"href":"https:\/\/imprimeideas.es\/en\/wp-json\/wp\/v2\/types\/product"}],"replies":[{"embeddable":true,"href":"https:\/\/imprimeideas.es\/en\/wp-json\/wp\/v2\/comments?post=42776"}],"version-history":[{"count":1,"href":"https:\/\/imprimeideas.es\/en\/wp-json\/wp\/v2\/product\/42776\/revisions"}],"predecessor-version":[{"id":55024,"href":"https:\/\/imprimeideas.es\/en\/wp-json\/wp\/v2\/product\/42776\/revisions\/55024"}],"wp:featuredmedia":[{"embeddable":true,"href":"https:\/\/imprimeideas.es\/en\/wp-json\/wp\/v2\/media\/86365"}],"wp:attachment":[{"href":"https:\/\/imprimeideas.es\/en\/wp-json\/wp\/v2\/media?parent=42776"}],"wp:term":[{"taxonomy":"product_brand","embeddable":true,"href":"https:\/\/imprimeideas.es\/en\/wp-json\/wp\/v2\/product_brand?post=42776"},{"taxonomy":"product_cat","embeddable":true,"href":"https:\/\/imprimeideas.es\/en\/wp-json\/wp\/v2\/product_cat?post=42776"},{"taxonomy":"product_tag","embeddable":true,"href":"https:\/\/imprimeideas.es\/en\/wp-json\/wp\/v2\/product_tag?post=42776"}],"curies":[{"name":"wp","href":"https:\/\/api.w.org\/{rel}","templated":true}]}}