{"id":42752,"date":"2026-02-24T11:29:04","date_gmt":"2026-02-24T10:29:04","guid":{"rendered":"https:\/\/imprimeideas.es\/?post_type=product&p=42752"},"modified":"2026-02-26T18:28:10","modified_gmt":"2026-02-26T17:28:10","slug":"bidon-plegable-fael","status":"publish","type":"product","link":"https:\/\/imprimeideas.es\/en\/product\/bidon-plegable-fael\/","title":{"rendered":"Bid\u00f3n Plegable Fael"},"content":{"rendered":"<p>Bid\u00f3n plegable de 550 ml de capacidad. Fabricado en silicona de alta calidad con tap\u00f3n de acero inoxidable. Con cuerpo flexible de acabado mate, este bid\u00f3n puede ser plegado para un c\u00f3modo y sencillo almacenamiento. Incluye mosquet\u00f3n para f\u00e1cil transporte. Libre de BPA. Es ideal para tener en tu escritorio, mesa o en cualquier superficie donde disfrutar tranquilamente de tu bebida favorita. Medidas plegado: \u00d87,1 cm x 16,9 cm de alto. Medidas desplegado \u00d87,1 cm hasta 24,8 cm de alto.<\/p>","protected":false},"excerpt":{"rendered":"<p>550 ml<\/p>","protected":false},"featured_media":71037,"comment_status":"open","ping_status":"open","template":"","meta":{"inline_featured_image":false},"product_brand":[],"product_cat":[97],"product_tag":[],"class_list":{"0":"post-42752","1":"product","2":"type-product","3":"status-publish","4":"has-post-thumbnail","6":"product_cat-tazas-jarras-y-termos","8":"first","9":"instock","10":"taxable","11":"shipping-taxable","12":"purchasable","13":"product-type-variable","14":"has-default-attributes"},"aioseo_notices":[],"_links":{"self":[{"href":"https:\/\/imprimeideas.es\/en\/wp-json\/wp\/v2\/product\/42752","targetHints":{"allow":["GET"]}}],"collection":[{"href":"https:\/\/imprimeideas.es\/en\/wp-json\/wp\/v2\/product"}],"about":[{"href":"https:\/\/imprimeideas.es\/en\/wp-json\/wp\/v2\/types\/product"}],"replies":[{"embeddable":true,"href":"https:\/\/imprimeideas.es\/en\/wp-json\/wp\/v2\/comments?post=42752"}],"version-history":[{"count":1,"href":"https:\/\/imprimeideas.es\/en\/wp-json\/wp\/v2\/product\/42752\/revisions"}],"predecessor-version":[{"id":55019,"href":"https:\/\/imprimeideas.es\/en\/wp-json\/wp\/v2\/product\/42752\/revisions\/55019"}],"wp:featuredmedia":[{"embeddable":true,"href":"https:\/\/imprimeideas.es\/en\/wp-json\/wp\/v2\/media\/71037"}],"wp:attachment":[{"href":"https:\/\/imprimeideas.es\/en\/wp-json\/wp\/v2\/media?parent=42752"}],"wp:term":[{"taxonomy":"product_brand","embeddable":true,"href":"https:\/\/imprimeideas.es\/en\/wp-json\/wp\/v2\/product_brand?post=42752"},{"taxonomy":"product_cat","embeddable":true,"href":"https:\/\/imprimeideas.es\/en\/wp-json\/wp\/v2\/product_cat?post=42752"},{"taxonomy":"product_tag","embeddable":true,"href":"https:\/\/imprimeideas.es\/en\/wp-json\/wp\/v2\/product_tag?post=42752"}],"curies":[{"name":"wp","href":"https:\/\/api.w.org\/{rel}","templated":true}]}}