{"id":42735,"date":"2026-02-24T11:28:58","date_gmt":"2026-02-24T10:28:58","guid":{"rendered":"https:\/\/imprimeideas.es\/?post_type=product&p=42735"},"modified":"2026-02-26T18:13:42","modified_gmt":"2026-02-26T17:13:42","slug":"bidon-perpok","status":"publish","type":"product","link":"https:\/\/imprimeideas.es\/en\/product\/bidon-perpok\/","title":{"rendered":"Bid\u00f3n Perpok"},"content":{"rendered":"<p>Bid\u00f3n de 700 ml de capacidad. Fabricado en resistente y sostenible aluminio reciclado. Con tap\u00f3n a rosca en mate y asa integrada a juego para un sencillo transporte. Cuerpo de acabado satinado. Disponible en variada gama de colores y libre de BPA. Incluye distintivo Aluminio Reciclado. Presentado en caja de dise\u00f1o kraft y en bolsa individual reciclada.El aluminio reciclado es un material con posibilidades de reciclaje casi infinitas, sin perder sus propiedades originales y consumiendo menos energ\u00eda en este proceso.<\/p>","protected":false},"excerpt":{"rendered":"<p>700 ml<\/p>","protected":false},"featured_media":74638,"comment_status":"open","ping_status":"open","template":"","meta":{"inline_featured_image":false},"product_brand":[],"product_cat":[122,97],"product_tag":[],"class_list":{"0":"post-42735","1":"product","2":"type-product","3":"status-publish","4":"has-post-thumbnail","6":"product_cat-articulos-sostenibles","7":"product_cat-tazas-jarras-y-termos","9":"first","10":"instock","11":"taxable","12":"shipping-taxable","13":"purchasable","14":"product-type-variable","15":"has-default-attributes"},"aioseo_notices":[],"_links":{"self":[{"href":"https:\/\/imprimeideas.es\/en\/wp-json\/wp\/v2\/product\/42735","targetHints":{"allow":["GET"]}}],"collection":[{"href":"https:\/\/imprimeideas.es\/en\/wp-json\/wp\/v2\/product"}],"about":[{"href":"https:\/\/imprimeideas.es\/en\/wp-json\/wp\/v2\/types\/product"}],"replies":[{"embeddable":true,"href":"https:\/\/imprimeideas.es\/en\/wp-json\/wp\/v2\/comments?post=42735"}],"version-history":[{"count":1,"href":"https:\/\/imprimeideas.es\/en\/wp-json\/wp\/v2\/product\/42735\/revisions"}],"predecessor-version":[{"id":55016,"href":"https:\/\/imprimeideas.es\/en\/wp-json\/wp\/v2\/product\/42735\/revisions\/55016"}],"wp:featuredmedia":[{"embeddable":true,"href":"https:\/\/imprimeideas.es\/en\/wp-json\/wp\/v2\/media\/74638"}],"wp:attachment":[{"href":"https:\/\/imprimeideas.es\/en\/wp-json\/wp\/v2\/media?parent=42735"}],"wp:term":[{"taxonomy":"product_brand","embeddable":true,"href":"https:\/\/imprimeideas.es\/en\/wp-json\/wp\/v2\/product_brand?post=42735"},{"taxonomy":"product_cat","embeddable":true,"href":"https:\/\/imprimeideas.es\/en\/wp-json\/wp\/v2\/product_cat?post=42735"},{"taxonomy":"product_tag","embeddable":true,"href":"https:\/\/imprimeideas.es\/en\/wp-json\/wp\/v2\/product_tag?post=42735"}],"curies":[{"name":"wp","href":"https:\/\/api.w.org\/{rel}","templated":true}]}}