{"id":42724,"date":"2026-02-24T11:28:57","date_gmt":"2026-02-24T10:28:57","guid":{"rendered":"https:\/\/imprimeideas.es\/?post_type=product&p=42724"},"modified":"2026-02-26T18:19:35","modified_gmt":"2026-02-26T17:19:35","slug":"termo-tibber","status":"publish","type":"product","link":"https:\/\/imprimeideas.es\/en\/product\/termo-tibber\/","title":{"rendered":"Termo Tibber"},"content":{"rendered":"<p>Termo de acero inoxidable de 500 ml de capacidad y de doble pared, para una mejor y m\u00e1s duradera conservaci\u00f3n de la temperatura. Incluye dosificador de seguridad y tapa con funci\u00f3n de taza de 130 ml, con ajuste a rosca. Ideal para disfrutar de su bebida en cualquier momento y lugar. Presentado en caja individual de dise\u00f1o kraft y en bolsa reciclada.<\/p>","protected":false},"excerpt":{"rendered":"<p>500 ml. Taza PP 130 ml Incluida<\/p>","protected":false},"featured_media":74725,"comment_status":"open","ping_status":"open","template":"","meta":{"inline_featured_image":false},"product_brand":[],"product_cat":[98,97],"product_tag":[],"class_list":{"0":"post-42724","1":"product","2":"type-product","3":"status-publish","4":"has-post-thumbnail","6":"product_cat-take-away","7":"product_cat-tazas-jarras-y-termos","9":"first","10":"instock","11":"taxable","12":"shipping-taxable","13":"purchasable","14":"product-type-variable","15":"has-default-attributes"},"aioseo_notices":[],"_links":{"self":[{"href":"https:\/\/imprimeideas.es\/en\/wp-json\/wp\/v2\/product\/42724","targetHints":{"allow":["GET"]}}],"collection":[{"href":"https:\/\/imprimeideas.es\/en\/wp-json\/wp\/v2\/product"}],"about":[{"href":"https:\/\/imprimeideas.es\/en\/wp-json\/wp\/v2\/types\/product"}],"replies":[{"embeddable":true,"href":"https:\/\/imprimeideas.es\/en\/wp-json\/wp\/v2\/comments?post=42724"}],"version-history":[{"count":1,"href":"https:\/\/imprimeideas.es\/en\/wp-json\/wp\/v2\/product\/42724\/revisions"}],"predecessor-version":[{"id":55013,"href":"https:\/\/imprimeideas.es\/en\/wp-json\/wp\/v2\/product\/42724\/revisions\/55013"}],"wp:featuredmedia":[{"embeddable":true,"href":"https:\/\/imprimeideas.es\/en\/wp-json\/wp\/v2\/media\/74725"}],"wp:attachment":[{"href":"https:\/\/imprimeideas.es\/en\/wp-json\/wp\/v2\/media?parent=42724"}],"wp:term":[{"taxonomy":"product_brand","embeddable":true,"href":"https:\/\/imprimeideas.es\/en\/wp-json\/wp\/v2\/product_brand?post=42724"},{"taxonomy":"product_cat","embeddable":true,"href":"https:\/\/imprimeideas.es\/en\/wp-json\/wp\/v2\/product_cat?post=42724"},{"taxonomy":"product_tag","embeddable":true,"href":"https:\/\/imprimeideas.es\/en\/wp-json\/wp\/v2\/product_tag?post=42724"}],"curies":[{"name":"wp","href":"https:\/\/api.w.org\/{rel}","templated":true}]}}