{"id":42721,"date":"2026-02-24T11:28:57","date_gmt":"2026-02-24T10:28:57","guid":{"rendered":"https:\/\/imprimeideas.es\/?post_type=product&p=42721"},"modified":"2026-02-26T18:32:50","modified_gmt":"2026-02-26T17:32:50","slug":"parche-calor-cepex","status":"publish","type":"product","link":"https:\/\/imprimeideas.es\/en\/product\/parche-calor-cepex\/","title":{"rendered":"Parche Calor Cepex"},"content":{"rendered":"<p>Parche t\u00e9rmino reutilizable de larga duraci\u00f3n en originales motivos navide\u00f1os. Disponibles dos divertidos dise\u00f1os navide\u00f1os: B: \u00c1rbol.D: Papa Noel.Para activaci\u00f3n: doblar la chapa met\u00e1lica para que el parche se endurezca y caliente.Para la reutilizaci\u00f3n del mismo: calentar agua en un recipiente con el parche dentro hasta que el gel interior vuelva a su estado l\u00edquido, y presionar la chapa met\u00e1lica de nuevo. Presentado en bolsa reciclada.<\/p>","protected":false},"excerpt":{"rendered":"<p>Reutilizable<\/p>","protected":false},"featured_media":79809,"comment_status":"open","ping_status":"open","template":"","meta":{"inline_featured_image":false},"product_brand":[],"product_cat":[107,127],"product_tag":[],"class_list":{"0":"post-42721","1":"product","2":"type-product","3":"status-publish","4":"has-post-thumbnail","6":"product_cat-cuidado-personal-y-pharma","7":"product_cat-navidad","9":"first","10":"outofstock","11":"taxable","12":"shipping-taxable","13":"purchasable","14":"product-type-variable","15":"has-default-attributes"},"aioseo_notices":[],"_links":{"self":[{"href":"https:\/\/imprimeideas.es\/en\/wp-json\/wp\/v2\/product\/42721","targetHints":{"allow":["GET"]}}],"collection":[{"href":"https:\/\/imprimeideas.es\/en\/wp-json\/wp\/v2\/product"}],"about":[{"href":"https:\/\/imprimeideas.es\/en\/wp-json\/wp\/v2\/types\/product"}],"replies":[{"embeddable":true,"href":"https:\/\/imprimeideas.es\/en\/wp-json\/wp\/v2\/comments?post=42721"}],"version-history":[{"count":1,"href":"https:\/\/imprimeideas.es\/en\/wp-json\/wp\/v2\/product\/42721\/revisions"}],"predecessor-version":[{"id":55012,"href":"https:\/\/imprimeideas.es\/en\/wp-json\/wp\/v2\/product\/42721\/revisions\/55012"}],"wp:featuredmedia":[{"embeddable":true,"href":"https:\/\/imprimeideas.es\/en\/wp-json\/wp\/v2\/media\/79809"}],"wp:attachment":[{"href":"https:\/\/imprimeideas.es\/en\/wp-json\/wp\/v2\/media?parent=42721"}],"wp:term":[{"taxonomy":"product_brand","embeddable":true,"href":"https:\/\/imprimeideas.es\/en\/wp-json\/wp\/v2\/product_brand?post=42721"},{"taxonomy":"product_cat","embeddable":true,"href":"https:\/\/imprimeideas.es\/en\/wp-json\/wp\/v2\/product_cat?post=42721"},{"taxonomy":"product_tag","embeddable":true,"href":"https:\/\/imprimeideas.es\/en\/wp-json\/wp\/v2\/product_tag?post=42721"}],"curies":[{"name":"wp","href":"https:\/\/api.w.org\/{rel}","templated":true}]}}