{"id":42719,"date":"2026-02-24T11:28:56","date_gmt":"2026-02-24T10:28:56","guid":{"rendered":"https:\/\/imprimeideas.es\/?post_type=product&p=42719"},"modified":"2026-02-26T18:13:35","modified_gmt":"2026-02-26T17:13:35","slug":"portadocumentos-tramez","status":"publish","type":"product","link":"https:\/\/imprimeideas.es\/en\/product\/portadocumentos-tramez\/","title":{"rendered":"Portadocumentos Tramez"},"content":{"rendered":"<p>Portadocumentos bandolera de dise\u00f1o atemporal, fabricado en resistente canvas de 475 g\/m2, color gris, con cintas en polipiel y pr\u00e1ctica cinta para hombro ajustable. Interior acolchado con compartimento ordenador port\u00e1til de hasta 15 pulgadas. Incluye pr\u00e1ctico bolsillo en el exterior. Presentado en bolsa individual reciclada.<\/p>","protected":false},"excerpt":{"rendered":"<p>Acolchado. Bolsillo Acolchado para Port\u00e1til<\/p>","protected":false},"featured_media":69106,"comment_status":"open","ping_status":"open","template":"","meta":{"inline_featured_image":false},"product_brand":[],"product_cat":[122,94,96],"product_tag":[],"class_list":{"0":"post-42719","1":"product","2":"type-product","3":"status-publish","4":"has-post-thumbnail","6":"product_cat-articulos-sostenibles","7":"product_cat-mochilas","8":"product_cat-oficina-y-negocios","10":"first","11":"instock","12":"taxable","13":"shipping-taxable","14":"purchasable","15":"product-type-variable","16":"has-default-attributes"},"aioseo_notices":[],"_links":{"self":[{"href":"https:\/\/imprimeideas.es\/en\/wp-json\/wp\/v2\/product\/42719","targetHints":{"allow":["GET"]}}],"collection":[{"href":"https:\/\/imprimeideas.es\/en\/wp-json\/wp\/v2\/product"}],"about":[{"href":"https:\/\/imprimeideas.es\/en\/wp-json\/wp\/v2\/types\/product"}],"replies":[{"embeddable":true,"href":"https:\/\/imprimeideas.es\/en\/wp-json\/wp\/v2\/comments?post=42719"}],"version-history":[{"count":1,"href":"https:\/\/imprimeideas.es\/en\/wp-json\/wp\/v2\/product\/42719\/revisions"}],"predecessor-version":[{"id":55011,"href":"https:\/\/imprimeideas.es\/en\/wp-json\/wp\/v2\/product\/42719\/revisions\/55011"}],"wp:featuredmedia":[{"embeddable":true,"href":"https:\/\/imprimeideas.es\/en\/wp-json\/wp\/v2\/media\/69106"}],"wp:attachment":[{"href":"https:\/\/imprimeideas.es\/en\/wp-json\/wp\/v2\/media?parent=42719"}],"wp:term":[{"taxonomy":"product_brand","embeddable":true,"href":"https:\/\/imprimeideas.es\/en\/wp-json\/wp\/v2\/product_brand?post=42719"},{"taxonomy":"product_cat","embeddable":true,"href":"https:\/\/imprimeideas.es\/en\/wp-json\/wp\/v2\/product_cat?post=42719"},{"taxonomy":"product_tag","embeddable":true,"href":"https:\/\/imprimeideas.es\/en\/wp-json\/wp\/v2\/product_tag?post=42719"}],"curies":[{"name":"wp","href":"https:\/\/api.w.org\/{rel}","templated":true}]}}