{"id":42705,"date":"2026-02-24T11:28:55","date_gmt":"2026-02-24T10:28:55","guid":{"rendered":"https:\/\/imprimeideas.es\/?post_type=product&p=42705"},"modified":"2026-02-26T18:23:29","modified_gmt":"2026-02-26T17:23:29","slug":"vaso-plegable-jado","status":"publish","type":"product","link":"https:\/\/imprimeideas.es\/en\/product\/vaso-plegable-jado\/","title":{"rendered":"Vaso Plegable Jado"},"content":{"rendered":"<p>Original vaso plegable con exterior acabado mate para emergencias fabricado en PP reciclado libre de BPA. De 220ml de capacidad, con mosquet\u00f3n met\u00e1lico de transporte. Dispone de Certificaci\u00f3n Food Grade, garantizando la seguridad cuando los alimentos entran en contacto con el material usado para fabricar el producto. Disponible en variada gamas de colores. Presentado en bolsa individual reciclada.El PP reciclado es un pl\u00e1stico reciclado y altamente reciclable, de gran resistencia y apto para multitud de aplicaciones.<\/p>","protected":false},"excerpt":{"rendered":"<p>220 ml<\/p>","protected":false},"featured_media":62923,"comment_status":"open","ping_status":"open","template":"","meta":{"inline_featured_image":false},"product_brand":[],"product_cat":[122,98,97],"product_tag":[],"class_list":{"0":"post-42705","1":"product","2":"type-product","3":"status-publish","4":"has-post-thumbnail","6":"product_cat-articulos-sostenibles","7":"product_cat-take-away","8":"product_cat-tazas-jarras-y-termos","10":"first","11":"instock","12":"taxable","13":"shipping-taxable","14":"purchasable","15":"product-type-variable","16":"has-default-attributes"},"aioseo_notices":[],"_links":{"self":[{"href":"https:\/\/imprimeideas.es\/en\/wp-json\/wp\/v2\/product\/42705","targetHints":{"allow":["GET"]}}],"collection":[{"href":"https:\/\/imprimeideas.es\/en\/wp-json\/wp\/v2\/product"}],"about":[{"href":"https:\/\/imprimeideas.es\/en\/wp-json\/wp\/v2\/types\/product"}],"replies":[{"embeddable":true,"href":"https:\/\/imprimeideas.es\/en\/wp-json\/wp\/v2\/comments?post=42705"}],"version-history":[{"count":1,"href":"https:\/\/imprimeideas.es\/en\/wp-json\/wp\/v2\/product\/42705\/revisions"}],"predecessor-version":[{"id":55007,"href":"https:\/\/imprimeideas.es\/en\/wp-json\/wp\/v2\/product\/42705\/revisions\/55007"}],"wp:featuredmedia":[{"embeddable":true,"href":"https:\/\/imprimeideas.es\/en\/wp-json\/wp\/v2\/media\/62923"}],"wp:attachment":[{"href":"https:\/\/imprimeideas.es\/en\/wp-json\/wp\/v2\/media?parent=42705"}],"wp:term":[{"taxonomy":"product_brand","embeddable":true,"href":"https:\/\/imprimeideas.es\/en\/wp-json\/wp\/v2\/product_brand?post=42705"},{"taxonomy":"product_cat","embeddable":true,"href":"https:\/\/imprimeideas.es\/en\/wp-json\/wp\/v2\/product_cat?post=42705"},{"taxonomy":"product_tag","embeddable":true,"href":"https:\/\/imprimeideas.es\/en\/wp-json\/wp\/v2\/product_tag?post=42705"}],"curies":[{"name":"wp","href":"https:\/\/api.w.org\/{rel}","templated":true}]}}