{"id":42697,"date":"2026-02-24T11:28:54","date_gmt":"2026-02-24T10:28:54","guid":{"rendered":"https:\/\/imprimeideas.es\/?post_type=product&p=42697"},"modified":"2026-02-26T18:23:11","modified_gmt":"2026-02-26T17:23:11","slug":"vaso-termico-holwe","status":"publish","type":"product","link":"https:\/\/imprimeideas.es\/en\/product\/vaso-termico-holwe\/","title":{"rendered":"Vaso T\u00e9rmico Holwe"},"content":{"rendered":"<p>Vaso t\u00e9rmico fabricado en resistente PP de doble pared y 300ml de capacidad de color mate. Tapa con dosificador y abref\u00e1cil, libre de BPA. Es ideal para tener en tu escritorio, mesa o en cualquier superficie donde disfrutar tranquilamente de tu bebida favorita. Con certificaci\u00f3n Food Grade, garantizando la seguridad cuando los alimentos entran en contacto con el material usado para fabricar el producto. El PP reciclado es un pl\u00e1stico reciclado y altamente reciclable, de gran resistencia y apto para multitud de aplicaciones.<\/p>","protected":false},"excerpt":{"rendered":"<p>300 ml<\/p>","protected":false},"featured_media":81089,"comment_status":"open","ping_status":"open","template":"","meta":{"inline_featured_image":false},"product_brand":[],"product_cat":[122,98,97],"product_tag":[],"class_list":{"0":"post-42697","1":"product","2":"type-product","3":"status-publish","4":"has-post-thumbnail","6":"product_cat-articulos-sostenibles","7":"product_cat-take-away","8":"product_cat-tazas-jarras-y-termos","10":"first","11":"instock","12":"taxable","13":"shipping-taxable","14":"purchasable","15":"product-type-variable","16":"has-default-attributes"},"aioseo_notices":[],"_links":{"self":[{"href":"https:\/\/imprimeideas.es\/en\/wp-json\/wp\/v2\/product\/42697","targetHints":{"allow":["GET"]}}],"collection":[{"href":"https:\/\/imprimeideas.es\/en\/wp-json\/wp\/v2\/product"}],"about":[{"href":"https:\/\/imprimeideas.es\/en\/wp-json\/wp\/v2\/types\/product"}],"replies":[{"embeddable":true,"href":"https:\/\/imprimeideas.es\/en\/wp-json\/wp\/v2\/comments?post=42697"}],"version-history":[{"count":1,"href":"https:\/\/imprimeideas.es\/en\/wp-json\/wp\/v2\/product\/42697\/revisions"}],"predecessor-version":[{"id":55006,"href":"https:\/\/imprimeideas.es\/en\/wp-json\/wp\/v2\/product\/42697\/revisions\/55006"}],"wp:featuredmedia":[{"embeddable":true,"href":"https:\/\/imprimeideas.es\/en\/wp-json\/wp\/v2\/media\/81089"}],"wp:attachment":[{"href":"https:\/\/imprimeideas.es\/en\/wp-json\/wp\/v2\/media?parent=42697"}],"wp:term":[{"taxonomy":"product_brand","embeddable":true,"href":"https:\/\/imprimeideas.es\/en\/wp-json\/wp\/v2\/product_brand?post=42697"},{"taxonomy":"product_cat","embeddable":true,"href":"https:\/\/imprimeideas.es\/en\/wp-json\/wp\/v2\/product_cat?post=42697"},{"taxonomy":"product_tag","embeddable":true,"href":"https:\/\/imprimeideas.es\/en\/wp-json\/wp\/v2\/product_tag?post=42697"}],"curies":[{"name":"wp","href":"https:\/\/api.w.org\/{rel}","templated":true}]}}