{"id":42690,"date":"2026-02-24T11:28:53","date_gmt":"2026-02-24T10:28:53","guid":{"rendered":"https:\/\/imprimeideas.es\/?post_type=product&p=42690"},"modified":"2026-02-26T18:13:47","modified_gmt":"2026-02-26T17:13:47","slug":"linterna-freddie","status":"publish","type":"product","link":"https:\/\/imprimeideas.es\/en\/product\/linterna-freddie\/","title":{"rendered":"Linterna Freddie"},"content":{"rendered":"<p>Linterna fabricada en bamb\u00fa y resistente ABS negro. Con 9 LEDs, correa de sujeci\u00f3n y alimentaci\u00f3n a pilas (3xAAA no incluidas). Presentada en caja individual de dise\u00f1o kraft.Materiales como el bamb\u00fa fomentan la utilizaci\u00f3n de materias primas naturales reduciendo las emisiones contaminantes. Adem\u00e1s, el bamb\u00fa proviene de una planta de gran resistencia y versatilidad, con crecimiento y regeneraci\u00f3n r\u00e1pida, siendo una excelente alternativa al uso de madera tradicional.<\/p>","protected":false},"excerpt":{"rendered":"<p>9 Ledes. 3 Pilas AAA No Incluidas<\/p>","protected":false},"featured_media":65652,"comment_status":"open","ping_status":"open","template":"","meta":{"inline_featured_image":false},"product_brand":[],"product_cat":[122,110,106],"product_tag":[],"class_list":{"0":"post-42690","1":"product","2":"type-product","3":"status-publish","4":"has-post-thumbnail","6":"product_cat-articulos-sostenibles","7":"product_cat-herramientas-brico-y-automovil","8":"product_cat-regalos-y-premiums","10":"first","11":"instock","12":"taxable","13":"shipping-taxable","14":"purchasable","15":"product-type-variable","16":"has-default-attributes"},"aioseo_notices":[],"_links":{"self":[{"href":"https:\/\/imprimeideas.es\/en\/wp-json\/wp\/v2\/product\/42690","targetHints":{"allow":["GET"]}}],"collection":[{"href":"https:\/\/imprimeideas.es\/en\/wp-json\/wp\/v2\/product"}],"about":[{"href":"https:\/\/imprimeideas.es\/en\/wp-json\/wp\/v2\/types\/product"}],"replies":[{"embeddable":true,"href":"https:\/\/imprimeideas.es\/en\/wp-json\/wp\/v2\/comments?post=42690"}],"version-history":[{"count":1,"href":"https:\/\/imprimeideas.es\/en\/wp-json\/wp\/v2\/product\/42690\/revisions"}],"predecessor-version":[{"id":55004,"href":"https:\/\/imprimeideas.es\/en\/wp-json\/wp\/v2\/product\/42690\/revisions\/55004"}],"wp:featuredmedia":[{"embeddable":true,"href":"https:\/\/imprimeideas.es\/en\/wp-json\/wp\/v2\/media\/65652"}],"wp:attachment":[{"href":"https:\/\/imprimeideas.es\/en\/wp-json\/wp\/v2\/media?parent=42690"}],"wp:term":[{"taxonomy":"product_brand","embeddable":true,"href":"https:\/\/imprimeideas.es\/en\/wp-json\/wp\/v2\/product_brand?post=42690"},{"taxonomy":"product_cat","embeddable":true,"href":"https:\/\/imprimeideas.es\/en\/wp-json\/wp\/v2\/product_cat?post=42690"},{"taxonomy":"product_tag","embeddable":true,"href":"https:\/\/imprimeideas.es\/en\/wp-json\/wp\/v2\/product_tag?post=42690"}],"curies":[{"name":"wp","href":"https:\/\/api.w.org\/{rel}","templated":true}]}}