{"id":42656,"date":"2026-02-24T11:28:49","date_gmt":"2026-02-24T10:28:49","guid":{"rendered":"https:\/\/imprimeideas.es\/?post_type=product&p=42656"},"modified":"2026-02-26T18:37:39","modified_gmt":"2026-02-26T17:37:39","slug":"boligrafo-lance","status":"publish","type":"product","link":"https:\/\/imprimeideas.es\/en\/product\/boligrafo-lance\/","title":{"rendered":"Bol\u00edgrafo Lance"},"content":{"rendered":"<p>Elegante bol\u00edgrafo especialmente dise\u00f1ado para el marcaje en l\u00e1ser con logotipo en color rosado. De mecanismo pulsador, clip met\u00e1lico y accesorios en acabado cobre, con detalles pl\u00e1sticos en acabado rosado. Con cartucho jumbo y en tinta azul. Disponible en dos distintivos colores.Presentado en elegante caja de dise\u00f1o negra.<\/p>","protected":false},"excerpt":{"rendered":"<p>Carga Jumbo<\/p>","protected":false},"featured_media":70866,"comment_status":"open","ping_status":"open","template":"","meta":{"inline_featured_image":false},"product_brand":[],"product_cat":[100],"product_tag":[],"class_list":{"0":"post-42656","1":"product","2":"type-product","3":"status-publish","4":"has-post-thumbnail","6":"product_cat-escritura","8":"first","9":"instock","10":"taxable","11":"shipping-taxable","12":"purchasable","13":"product-type-variable","14":"has-default-attributes"},"aioseo_notices":[],"_links":{"self":[{"href":"https:\/\/imprimeideas.es\/en\/wp-json\/wp\/v2\/product\/42656","targetHints":{"allow":["GET"]}}],"collection":[{"href":"https:\/\/imprimeideas.es\/en\/wp-json\/wp\/v2\/product"}],"about":[{"href":"https:\/\/imprimeideas.es\/en\/wp-json\/wp\/v2\/types\/product"}],"replies":[{"embeddable":true,"href":"https:\/\/imprimeideas.es\/en\/wp-json\/wp\/v2\/comments?post=42656"}],"version-history":[{"count":1,"href":"https:\/\/imprimeideas.es\/en\/wp-json\/wp\/v2\/product\/42656\/revisions"}],"predecessor-version":[{"id":54994,"href":"https:\/\/imprimeideas.es\/en\/wp-json\/wp\/v2\/product\/42656\/revisions\/54994"}],"wp:featuredmedia":[{"embeddable":true,"href":"https:\/\/imprimeideas.es\/en\/wp-json\/wp\/v2\/media\/70866"}],"wp:attachment":[{"href":"https:\/\/imprimeideas.es\/en\/wp-json\/wp\/v2\/media?parent=42656"}],"wp:term":[{"taxonomy":"product_brand","embeddable":true,"href":"https:\/\/imprimeideas.es\/en\/wp-json\/wp\/v2\/product_brand?post=42656"},{"taxonomy":"product_cat","embeddable":true,"href":"https:\/\/imprimeideas.es\/en\/wp-json\/wp\/v2\/product_cat?post=42656"},{"taxonomy":"product_tag","embeddable":true,"href":"https:\/\/imprimeideas.es\/en\/wp-json\/wp\/v2\/product_tag?post=42656"}],"curies":[{"name":"wp","href":"https:\/\/api.w.org\/{rel}","templated":true}]}}