{"id":42654,"date":"2026-02-24T11:28:49","date_gmt":"2026-02-24T10:28:49","guid":{"rendered":"https:\/\/imprimeideas.es\/?post_type=product&p=42654"},"modified":"2026-02-26T18:32:56","modified_gmt":"2026-02-26T17:32:56","slug":"boligrafo-lapiz-eterno-zack","status":"publish","type":"product","link":"https:\/\/imprimeideas.es\/en\/product\/boligrafo-lapiz-eterno-zack\/","title":{"rendered":"Bol\u00edgrafo L\u00e1piz Eterno Zack"},"content":{"rendered":"<p>Bol\u00edgrafo l\u00e1piz eterno 2 en 1, fabricado en bamb\u00fa, con cuerpo de suave acabado y accesorios cromados. Con cierre de capucha con borrador y puntero en cada extremo, incluye bol\u00edgrafo en un extremo (carga jumbo y tinta azul), y l\u00e1piz eterno en el otro extremo, para as\u00ed usar siempre el mismo l\u00e1piz y no generar residuos. Presentado en funda de algod\u00f3n 100%, con cord\u00f3n de cierre.<\/p>","protected":false},"excerpt":{"rendered":"<p>Carga Jumbo. Funda Algod\u00f3n<\/p>","protected":false},"featured_media":69086,"comment_status":"open","ping_status":"open","template":"","meta":{"inline_featured_image":false},"product_brand":[],"product_cat":[122,100],"product_tag":[],"class_list":{"0":"post-42654","1":"product","2":"type-product","3":"status-publish","4":"has-post-thumbnail","6":"product_cat-articulos-sostenibles","7":"product_cat-escritura","9":"first","10":"instock","11":"taxable","12":"shipping-taxable","13":"purchasable","14":"product-type-variable","15":"has-default-attributes"},"aioseo_notices":[],"_links":{"self":[{"href":"https:\/\/imprimeideas.es\/en\/wp-json\/wp\/v2\/product\/42654","targetHints":{"allow":["GET"]}}],"collection":[{"href":"https:\/\/imprimeideas.es\/en\/wp-json\/wp\/v2\/product"}],"about":[{"href":"https:\/\/imprimeideas.es\/en\/wp-json\/wp\/v2\/types\/product"}],"replies":[{"embeddable":true,"href":"https:\/\/imprimeideas.es\/en\/wp-json\/wp\/v2\/comments?post=42654"}],"version-history":[{"count":1,"href":"https:\/\/imprimeideas.es\/en\/wp-json\/wp\/v2\/product\/42654\/revisions"}],"predecessor-version":[{"id":54993,"href":"https:\/\/imprimeideas.es\/en\/wp-json\/wp\/v2\/product\/42654\/revisions\/54993"}],"wp:featuredmedia":[{"embeddable":true,"href":"https:\/\/imprimeideas.es\/en\/wp-json\/wp\/v2\/media\/69086"}],"wp:attachment":[{"href":"https:\/\/imprimeideas.es\/en\/wp-json\/wp\/v2\/media?parent=42654"}],"wp:term":[{"taxonomy":"product_brand","embeddable":true,"href":"https:\/\/imprimeideas.es\/en\/wp-json\/wp\/v2\/product_brand?post=42654"},{"taxonomy":"product_cat","embeddable":true,"href":"https:\/\/imprimeideas.es\/en\/wp-json\/wp\/v2\/product_cat?post=42654"},{"taxonomy":"product_tag","embeddable":true,"href":"https:\/\/imprimeideas.es\/en\/wp-json\/wp\/v2\/product_tag?post=42654"}],"curies":[{"name":"wp","href":"https:\/\/api.w.org\/{rel}","templated":true}]}}