{"id":42646,"date":"2026-02-24T11:28:48","date_gmt":"2026-02-24T10:28:48","guid":{"rendered":"https:\/\/imprimeideas.es\/?post_type=product&p=42646"},"modified":"2026-02-26T18:23:31","modified_gmt":"2026-02-26T17:23:31","slug":"boligrafo-lapiz-eterno-may","status":"publish","type":"product","link":"https:\/\/imprimeideas.es\/en\/product\/boligrafo-lapiz-eterno-may\/","title":{"rendered":"Bol\u00edgrafo L\u00e1piz Eterno May"},"content":{"rendered":"<p>Bol\u00edgrafo l\u00e1piz eterno 2 en 1. Con cierre de capucha, incluye bol\u00edgrafo en un extremo (carga jumbo y tinta azul), y l\u00e1piz eterno en el otro extremo, para as\u00ed usar siempre el mismo l\u00e1piz y no generar residuos. Cuerpo en resistente ABS de acabado metalizado. Disponible en amplia gama de colores.<\/p>","protected":false},"excerpt":{"rendered":"<p>Bol\u00edgrafo l\u00e1piz eterno 2 en 1. Con cierre de capucha, incluye bol\u00edgrafo en un extremo (carga jumbo y tinta azul),<\/p>","protected":false},"featured_media":63938,"comment_status":"open","ping_status":"open","template":"","meta":{"inline_featured_image":false},"product_brand":[],"product_cat":[100],"product_tag":[],"class_list":{"0":"post-42646","1":"product","2":"type-product","3":"status-publish","4":"has-post-thumbnail","6":"product_cat-escritura","8":"first","9":"instock","10":"taxable","11":"shipping-taxable","12":"purchasable","13":"product-type-variable","14":"has-default-attributes"},"aioseo_notices":[],"_links":{"self":[{"href":"https:\/\/imprimeideas.es\/en\/wp-json\/wp\/v2\/product\/42646","targetHints":{"allow":["GET"]}}],"collection":[{"href":"https:\/\/imprimeideas.es\/en\/wp-json\/wp\/v2\/product"}],"about":[{"href":"https:\/\/imprimeideas.es\/en\/wp-json\/wp\/v2\/types\/product"}],"replies":[{"embeddable":true,"href":"https:\/\/imprimeideas.es\/en\/wp-json\/wp\/v2\/comments?post=42646"}],"version-history":[{"count":1,"href":"https:\/\/imprimeideas.es\/en\/wp-json\/wp\/v2\/product\/42646\/revisions"}],"predecessor-version":[{"id":54992,"href":"https:\/\/imprimeideas.es\/en\/wp-json\/wp\/v2\/product\/42646\/revisions\/54992"}],"wp:featuredmedia":[{"embeddable":true,"href":"https:\/\/imprimeideas.es\/en\/wp-json\/wp\/v2\/media\/63938"}],"wp:attachment":[{"href":"https:\/\/imprimeideas.es\/en\/wp-json\/wp\/v2\/media?parent=42646"}],"wp:term":[{"taxonomy":"product_brand","embeddable":true,"href":"https:\/\/imprimeideas.es\/en\/wp-json\/wp\/v2\/product_brand?post=42646"},{"taxonomy":"product_cat","embeddable":true,"href":"https:\/\/imprimeideas.es\/en\/wp-json\/wp\/v2\/product_cat?post=42646"},{"taxonomy":"product_tag","embeddable":true,"href":"https:\/\/imprimeideas.es\/en\/wp-json\/wp\/v2\/product_tag?post=42646"}],"curies":[{"name":"wp","href":"https:\/\/api.w.org\/{rel}","templated":true}]}}