{"id":42630,"date":"2026-02-24T11:28:47","date_gmt":"2026-02-24T10:28:47","guid":{"rendered":"https:\/\/imprimeideas.es\/?post_type=product&p=42630"},"modified":"2026-02-26T18:19:29","modified_gmt":"2026-02-26T17:19:29","slug":"masajeador-wally","status":"publish","type":"product","link":"https:\/\/imprimeideas.es\/en\/product\/masajeador-wally\/","title":{"rendered":"Masajeador Wally"},"content":{"rendered":"<p>Masajeador el\u00e9ctrico. Ayuda a relajar los m\u00fasculos, aliviar los efectos del entrenamiento, liberar tensi\u00f3n y revitalizar el cuerpo. Con dos posiciones de intensidad. Bater\u00eda recargable de larga duraci\u00f3n de 800 mAh &#8211; cable USB incluido-. Con manual de uso en espa\u00f1ol e ingl\u00e9s. Presentado en funda de poli\u00e9ster RPET con cierre de cord\u00f3n, elaborada a partir de pl\u00e1stico reciclado para as\u00ed fomentar la reutilizaci\u00f3n de residuos pl\u00e1sticos y contribuir a la sostenibilidad del planeta. Etiqueta distintiva RPET en la funda.<\/p>","protected":false},"excerpt":{"rendered":"<p>2 Posiciones. Bater\u00eda 800 mAh. Funda Poli\u00e9ster RPET<\/p>","protected":false},"featured_media":78326,"comment_status":"open","ping_status":"open","template":"","meta":{"inline_featured_image":false},"product_brand":[],"product_cat":[107,101,106],"product_tag":[],"class_list":{"0":"post-42630","1":"product","2":"type-product","3":"status-publish","4":"has-post-thumbnail","6":"product_cat-cuidado-personal-y-pharma","7":"product_cat-deporte-y-aventura","8":"product_cat-regalos-y-premiums","10":"first","11":"outofstock","12":"taxable","13":"shipping-taxable","14":"purchasable","15":"product-type-variable","16":"has-default-attributes"},"aioseo_notices":[],"_links":{"self":[{"href":"https:\/\/imprimeideas.es\/en\/wp-json\/wp\/v2\/product\/42630","targetHints":{"allow":["GET"]}}],"collection":[{"href":"https:\/\/imprimeideas.es\/en\/wp-json\/wp\/v2\/product"}],"about":[{"href":"https:\/\/imprimeideas.es\/en\/wp-json\/wp\/v2\/types\/product"}],"replies":[{"embeddable":true,"href":"https:\/\/imprimeideas.es\/en\/wp-json\/wp\/v2\/comments?post=42630"}],"version-history":[{"count":1,"href":"https:\/\/imprimeideas.es\/en\/wp-json\/wp\/v2\/product\/42630\/revisions"}],"predecessor-version":[{"id":54989,"href":"https:\/\/imprimeideas.es\/en\/wp-json\/wp\/v2\/product\/42630\/revisions\/54989"}],"wp:featuredmedia":[{"embeddable":true,"href":"https:\/\/imprimeideas.es\/en\/wp-json\/wp\/v2\/media\/78326"}],"wp:attachment":[{"href":"https:\/\/imprimeideas.es\/en\/wp-json\/wp\/v2\/media?parent=42630"}],"wp:term":[{"taxonomy":"product_brand","embeddable":true,"href":"https:\/\/imprimeideas.es\/en\/wp-json\/wp\/v2\/product_brand?post=42630"},{"taxonomy":"product_cat","embeddable":true,"href":"https:\/\/imprimeideas.es\/en\/wp-json\/wp\/v2\/product_cat?post=42630"},{"taxonomy":"product_tag","embeddable":true,"href":"https:\/\/imprimeideas.es\/en\/wp-json\/wp\/v2\/product_tag?post=42630"}],"curies":[{"name":"wp","href":"https:\/\/api.w.org\/{rel}","templated":true}]}}