{"id":42597,"date":"2026-02-24T11:28:43","date_gmt":"2026-02-24T10:28:43","guid":{"rendered":"https:\/\/imprimeideas.es\/?post_type=product&p=42597"},"modified":"2026-02-26T18:28:10","modified_gmt":"2026-02-26T17:28:10","slug":"sudadera-adulto-landon","status":"publish","type":"product","link":"https:\/\/imprimeideas.es\/en\/product\/sudadera-adulto-landon\/","title":{"rendered":"Sudadera Adulto Landon"},"content":{"rendered":"<p>Sudadera ligera unisex con bolsillo canguro y capucha forrada de punto liso, con cordones a juego. Fabricada en combinaci\u00f3n de materiales algod\u00f3n y poli\u00e9ster de tacto extra suave de 175gsm. Con manga montada, cuello, pu\u00f1os y cintura de punto al tono. Disponible en una amplia variedad de colores efecto bitono, y color natural en efecto liso, que se adaptar\u00e1 a cualquier ocasi\u00f3n. Disponible en tallas XS, S, M, L, XL y XXL.<\/p>","protected":false},"excerpt":{"rendered":"<p>Sudadera ligera unisex con bolsillo canguro y capucha forrada de punto liso, con cordones a juego. Fabricada en combinaci\u00f3n de<\/p>","protected":false},"featured_media":72924,"comment_status":"open","ping_status":"open","template":"","meta":{"inline_featured_image":false},"product_brand":[],"product_cat":[116],"product_tag":[],"class_list":{"0":"post-42597","1":"product","2":"type-product","3":"status-publish","4":"has-post-thumbnail","6":"product_cat-textil","8":"first","9":"instock","10":"taxable","11":"shipping-taxable","12":"purchasable","13":"product-type-variable","14":"has-default-attributes"},"aioseo_notices":[],"_links":{"self":[{"href":"https:\/\/imprimeideas.es\/en\/wp-json\/wp\/v2\/product\/42597","targetHints":{"allow":["GET"]}}],"collection":[{"href":"https:\/\/imprimeideas.es\/en\/wp-json\/wp\/v2\/product"}],"about":[{"href":"https:\/\/imprimeideas.es\/en\/wp-json\/wp\/v2\/types\/product"}],"replies":[{"embeddable":true,"href":"https:\/\/imprimeideas.es\/en\/wp-json\/wp\/v2\/comments?post=42597"}],"version-history":[{"count":1,"href":"https:\/\/imprimeideas.es\/en\/wp-json\/wp\/v2\/product\/42597\/revisions"}],"predecessor-version":[{"id":54987,"href":"https:\/\/imprimeideas.es\/en\/wp-json\/wp\/v2\/product\/42597\/revisions\/54987"}],"wp:featuredmedia":[{"embeddable":true,"href":"https:\/\/imprimeideas.es\/en\/wp-json\/wp\/v2\/media\/72924"}],"wp:attachment":[{"href":"https:\/\/imprimeideas.es\/en\/wp-json\/wp\/v2\/media?parent=42597"}],"wp:term":[{"taxonomy":"product_brand","embeddable":true,"href":"https:\/\/imprimeideas.es\/en\/wp-json\/wp\/v2\/product_brand?post=42597"},{"taxonomy":"product_cat","embeddable":true,"href":"https:\/\/imprimeideas.es\/en\/wp-json\/wp\/v2\/product_cat?post=42597"},{"taxonomy":"product_tag","embeddable":true,"href":"https:\/\/imprimeideas.es\/en\/wp-json\/wp\/v2\/product_tag?post=42597"}],"curies":[{"name":"wp","href":"https:\/\/api.w.org\/{rel}","templated":true}]}}