{"id":42578,"date":"2026-02-24T11:28:41","date_gmt":"2026-02-24T10:28:41","guid":{"rendered":"https:\/\/imprimeideas.es\/?post_type=product&p=42578"},"modified":"2026-02-26T18:08:10","modified_gmt":"2026-02-26T17:08:10","slug":"chaqueta-pinkman","status":"publish","type":"product","link":"https:\/\/imprimeideas.es\/en\/product\/chaqueta-pinkman\/","title":{"rendered":"Chaqueta Pinkman"},"content":{"rendered":"<p>Moderna chaqueta ligera estilo \u00abbomber\u00bb con cuello beisbol. Fabricada en c\u00e1lido poli\u00e9ster, con forro interior y resistente al viento y al agua. En elegantes colores azul marino y marr\u00f3n, que destacan por sus cremalleras estilo cromado en frontal y bolsillos. Con ribete el\u00e1stico en pu\u00f1os y bajo. Tallas XS, S, M, L, XL, XXL.<\/p>","protected":false},"excerpt":{"rendered":"<p>Resistente al Viento y al Agua<\/p>","protected":false},"featured_media":72582,"comment_status":"open","ping_status":"open","template":"","meta":{"inline_featured_image":false},"product_brand":[],"product_cat":[116],"product_tag":[],"class_list":{"0":"post-42578","1":"product","2":"type-product","3":"status-publish","4":"has-post-thumbnail","6":"product_cat-textil","8":"first","9":"instock","10":"taxable","11":"shipping-taxable","12":"purchasable","13":"product-type-variable","14":"has-default-attributes"},"aioseo_notices":[],"_links":{"self":[{"href":"https:\/\/imprimeideas.es\/en\/wp-json\/wp\/v2\/product\/42578","targetHints":{"allow":["GET"]}}],"collection":[{"href":"https:\/\/imprimeideas.es\/en\/wp-json\/wp\/v2\/product"}],"about":[{"href":"https:\/\/imprimeideas.es\/en\/wp-json\/wp\/v2\/types\/product"}],"replies":[{"embeddable":true,"href":"https:\/\/imprimeideas.es\/en\/wp-json\/wp\/v2\/comments?post=42578"}],"version-history":[{"count":1,"href":"https:\/\/imprimeideas.es\/en\/wp-json\/wp\/v2\/product\/42578\/revisions"}],"predecessor-version":[{"id":54986,"href":"https:\/\/imprimeideas.es\/en\/wp-json\/wp\/v2\/product\/42578\/revisions\/54986"}],"wp:featuredmedia":[{"embeddable":true,"href":"https:\/\/imprimeideas.es\/en\/wp-json\/wp\/v2\/media\/72582"}],"wp:attachment":[{"href":"https:\/\/imprimeideas.es\/en\/wp-json\/wp\/v2\/media?parent=42578"}],"wp:term":[{"taxonomy":"product_brand","embeddable":true,"href":"https:\/\/imprimeideas.es\/en\/wp-json\/wp\/v2\/product_brand?post=42578"},{"taxonomy":"product_cat","embeddable":true,"href":"https:\/\/imprimeideas.es\/en\/wp-json\/wp\/v2\/product_cat?post=42578"},{"taxonomy":"product_tag","embeddable":true,"href":"https:\/\/imprimeideas.es\/en\/wp-json\/wp\/v2\/product_tag?post=42578"}],"curies":[{"name":"wp","href":"https:\/\/api.w.org\/{rel}","templated":true}]}}