{"id":42556,"date":"2026-02-24T11:28:39","date_gmt":"2026-02-24T10:28:39","guid":{"rendered":"https:\/\/imprimeideas.es\/?post_type=product&p=42556"},"modified":"2026-02-26T18:13:56","modified_gmt":"2026-02-26T17:13:56","slug":"chaleco-brooke","status":"publish","type":"product","link":"https:\/\/imprimeideas.es\/en\/product\/chaleco-brooke\/","title":{"rendered":"Chaleco Brooke"},"content":{"rendered":"<p>Chaleco con capucha, en c\u00e1lido y suave material 100% poli\u00e9ster. En material ligero, resistente al viento y al agua. Dise\u00f1o de elegante construcci\u00f3n horizontal y acolchado, con capucha fija integrada. Doble cierre frontal de cremallera y corchetes. Bolsillos laterales con tiradores a juego y cord\u00f3n ajustable en dobladillo. Disponible en tallas XS, S, M, L, XL, XXL.<\/p>","protected":false},"excerpt":{"rendered":"<p>Resistente al Viento y al Agua<\/p>","protected":false},"featured_media":85947,"comment_status":"open","ping_status":"open","template":"","meta":{"inline_featured_image":false},"product_brand":[],"product_cat":[116],"product_tag":[],"class_list":{"0":"post-42556","1":"product","2":"type-product","3":"status-publish","4":"has-post-thumbnail","6":"product_cat-textil","8":"first","9":"instock","10":"taxable","11":"shipping-taxable","12":"purchasable","13":"product-type-variable","14":"has-default-attributes"},"aioseo_notices":[],"_links":{"self":[{"href":"https:\/\/imprimeideas.es\/en\/wp-json\/wp\/v2\/product\/42556","targetHints":{"allow":["GET"]}}],"collection":[{"href":"https:\/\/imprimeideas.es\/en\/wp-json\/wp\/v2\/product"}],"about":[{"href":"https:\/\/imprimeideas.es\/en\/wp-json\/wp\/v2\/types\/product"}],"replies":[{"embeddable":true,"href":"https:\/\/imprimeideas.es\/en\/wp-json\/wp\/v2\/comments?post=42556"}],"version-history":[{"count":1,"href":"https:\/\/imprimeideas.es\/en\/wp-json\/wp\/v2\/product\/42556\/revisions"}],"predecessor-version":[{"id":54984,"href":"https:\/\/imprimeideas.es\/en\/wp-json\/wp\/v2\/product\/42556\/revisions\/54984"}],"wp:featuredmedia":[{"embeddable":true,"href":"https:\/\/imprimeideas.es\/en\/wp-json\/wp\/v2\/media\/85947"}],"wp:attachment":[{"href":"https:\/\/imprimeideas.es\/en\/wp-json\/wp\/v2\/media?parent=42556"}],"wp:term":[{"taxonomy":"product_brand","embeddable":true,"href":"https:\/\/imprimeideas.es\/en\/wp-json\/wp\/v2\/product_brand?post=42556"},{"taxonomy":"product_cat","embeddable":true,"href":"https:\/\/imprimeideas.es\/en\/wp-json\/wp\/v2\/product_cat?post=42556"},{"taxonomy":"product_tag","embeddable":true,"href":"https:\/\/imprimeideas.es\/en\/wp-json\/wp\/v2\/product_tag?post=42556"}],"curies":[{"name":"wp","href":"https:\/\/api.w.org\/{rel}","templated":true}]}}