{"id":42469,"date":"2026-02-24T11:28:30","date_gmt":"2026-02-24T10:28:30","guid":{"rendered":"https:\/\/imprimeideas.es\/?post_type=product&p=42469"},"modified":"2026-02-26T18:19:34","modified_gmt":"2026-02-26T17:19:34","slug":"chaqueta-grechel","status":"publish","type":"product","link":"https:\/\/imprimeideas.es\/en\/product\/chaqueta-grechel\/","title":{"rendered":"Chaqueta Grechel"},"content":{"rendered":"<p>Chaqueta de resistente y transpirable material soft shell de 300g\/m2. De corte moderno, con cremallera central, bolsillos laterales y pr\u00e1ctico bolsillo en pecho con cierres de cremallera y tiradores en contraste. Cuello elevado con capucha ajustable y desmontable. Dobladillo inferior con cord\u00f3n ajustable. Mangas con c\u00f3modos pu\u00f1os de punto en color a juego. Exterior en soft shell resistente al viento y al agua, e interior de c\u00e1lido micropolar en color contraste. Disponible en tallas XS, S, M, L, XL, XXL.<\/p>","protected":false},"excerpt":{"rendered":"<p>Resistente al Viento y al Agua<\/p>","protected":false},"featured_media":74232,"comment_status":"open","ping_status":"open","template":"","meta":{"inline_featured_image":false},"product_brand":[],"product_cat":[116],"product_tag":[],"class_list":{"0":"post-42469","1":"product","2":"type-product","3":"status-publish","4":"has-post-thumbnail","6":"product_cat-textil","8":"first","9":"instock","10":"taxable","11":"shipping-taxable","12":"purchasable","13":"product-type-variable","14":"has-default-attributes"},"aioseo_notices":[],"_links":{"self":[{"href":"https:\/\/imprimeideas.es\/en\/wp-json\/wp\/v2\/product\/42469","targetHints":{"allow":["GET"]}}],"collection":[{"href":"https:\/\/imprimeideas.es\/en\/wp-json\/wp\/v2\/product"}],"about":[{"href":"https:\/\/imprimeideas.es\/en\/wp-json\/wp\/v2\/types\/product"}],"replies":[{"embeddable":true,"href":"https:\/\/imprimeideas.es\/en\/wp-json\/wp\/v2\/comments?post=42469"}],"version-history":[{"count":1,"href":"https:\/\/imprimeideas.es\/en\/wp-json\/wp\/v2\/product\/42469\/revisions"}],"predecessor-version":[{"id":54981,"href":"https:\/\/imprimeideas.es\/en\/wp-json\/wp\/v2\/product\/42469\/revisions\/54981"}],"wp:featuredmedia":[{"embeddable":true,"href":"https:\/\/imprimeideas.es\/en\/wp-json\/wp\/v2\/media\/74232"}],"wp:attachment":[{"href":"https:\/\/imprimeideas.es\/en\/wp-json\/wp\/v2\/media?parent=42469"}],"wp:term":[{"taxonomy":"product_brand","embeddable":true,"href":"https:\/\/imprimeideas.es\/en\/wp-json\/wp\/v2\/product_brand?post=42469"},{"taxonomy":"product_cat","embeddable":true,"href":"https:\/\/imprimeideas.es\/en\/wp-json\/wp\/v2\/product_cat?post=42469"},{"taxonomy":"product_tag","embeddable":true,"href":"https:\/\/imprimeideas.es\/en\/wp-json\/wp\/v2\/product_tag?post=42469"}],"curies":[{"name":"wp","href":"https:\/\/api.w.org\/{rel}","templated":true}]}}