{"id":42386,"date":"2026-02-24T11:28:20","date_gmt":"2026-02-24T10:28:20","guid":{"rendered":"https:\/\/imprimeideas.es\/?post_type=product&p=42386"},"modified":"2026-02-26T18:23:14","modified_gmt":"2026-02-26T17:23:14","slug":"vaso-zilber","status":"publish","type":"product","link":"https:\/\/imprimeideas.es\/en\/product\/vaso-zilber\/","title":{"rendered":"Vaso Zilber"},"content":{"rendered":"<p>Vaso de alta calidad y 450ml de capacidad. Cuerpo fabricado en cristal de borosilicato, libre de BPA, que ofrece una resistencia y durabilidad excepcionales, alargando su vida \u00fatil y pudiendo ser reutilizado infinidad de veces. Incluye funda en suave y sostenible fieltro RPET, tap\u00f3n de bamb\u00fa a presi\u00f3n con orificio para pajita, y pajita reutilizable de bamb\u00fa. Con etiqueta distintiva RPET. Presentado en caja individual de dise\u00f1o eco.El fieltro RPET reciclado es fruto de la combinaci\u00f3n del proceso de reciclaje de materiales pl\u00e1sticos junto a la t\u00e9cnica milenaria de fabricaci\u00f3n del fieltro, dando como resultado un material de eco-tendencia que, adem\u00e1s de ser de origen reciclado, tambi\u00e9n se convierte en reciclable.<\/p>","protected":false},"excerpt":{"rendered":"<p>450 ml. Funda Fieltro RPET<\/p>","protected":false},"featured_media":79443,"comment_status":"open","ping_status":"open","template":"","meta":{"inline_featured_image":false},"product_brand":[],"product_cat":[122,97],"product_tag":[],"class_list":{"0":"post-42386","1":"product","2":"type-product","3":"status-publish","4":"has-post-thumbnail","6":"product_cat-articulos-sostenibles","7":"product_cat-tazas-jarras-y-termos","9":"first","10":"instock","11":"taxable","12":"shipping-taxable","13":"purchasable","14":"product-type-variable","15":"has-default-attributes"},"aioseo_notices":[],"_links":{"self":[{"href":"https:\/\/imprimeideas.es\/en\/wp-json\/wp\/v2\/product\/42386","targetHints":{"allow":["GET"]}}],"collection":[{"href":"https:\/\/imprimeideas.es\/en\/wp-json\/wp\/v2\/product"}],"about":[{"href":"https:\/\/imprimeideas.es\/en\/wp-json\/wp\/v2\/types\/product"}],"replies":[{"embeddable":true,"href":"https:\/\/imprimeideas.es\/en\/wp-json\/wp\/v2\/comments?post=42386"}],"version-history":[{"count":1,"href":"https:\/\/imprimeideas.es\/en\/wp-json\/wp\/v2\/product\/42386\/revisions"}],"predecessor-version":[{"id":54974,"href":"https:\/\/imprimeideas.es\/en\/wp-json\/wp\/v2\/product\/42386\/revisions\/54974"}],"wp:featuredmedia":[{"embeddable":true,"href":"https:\/\/imprimeideas.es\/en\/wp-json\/wp\/v2\/media\/79443"}],"wp:attachment":[{"href":"https:\/\/imprimeideas.es\/en\/wp-json\/wp\/v2\/media?parent=42386"}],"wp:term":[{"taxonomy":"product_brand","embeddable":true,"href":"https:\/\/imprimeideas.es\/en\/wp-json\/wp\/v2\/product_brand?post=42386"},{"taxonomy":"product_cat","embeddable":true,"href":"https:\/\/imprimeideas.es\/en\/wp-json\/wp\/v2\/product_cat?post=42386"},{"taxonomy":"product_tag","embeddable":true,"href":"https:\/\/imprimeideas.es\/en\/wp-json\/wp\/v2\/product_tag?post=42386"}],"curies":[{"name":"wp","href":"https:\/\/api.w.org\/{rel}","templated":true}]}}