{"id":42360,"date":"2026-02-24T11:28:18","date_gmt":"2026-02-24T10:28:18","guid":{"rendered":"https:\/\/imprimeideas.es\/?post_type=product&p=42360"},"modified":"2026-02-26T18:28:08","modified_gmt":"2026-02-26T17:28:08","slug":"gorra-bruck","status":"publish","type":"product","link":"https:\/\/imprimeideas.es\/en\/product\/gorra-bruck\/","title":{"rendered":"Gorra Bruck"},"content":{"rendered":"<p>Gorra de corte cl\u00e1sico confeccionada en tejido 100% algod\u00f3n. Con una peque\u00f1a visera y cierre de velcro, para un c\u00f3modo y firme ajuste en la cabeza. Disponible en variada gama de colores.<\/p>","protected":false},"excerpt":{"rendered":"<p>Cierre Velcro<\/p>","protected":false},"featured_media":76304,"comment_status":"open","ping_status":"open","template":"","meta":{"inline_featured_image":false},"product_brand":[],"product_cat":[112,118],"product_tag":[],"class_list":{"0":"post-42360","1":"product","2":"type-product","3":"status-publish","4":"has-post-thumbnail","6":"product_cat-gorras-y-sombreros","7":"product_cat-lluvia-y-frio","9":"first","10":"instock","11":"taxable","12":"shipping-taxable","13":"purchasable","14":"product-type-variable","15":"has-default-attributes"},"aioseo_notices":[],"_links":{"self":[{"href":"https:\/\/imprimeideas.es\/en\/wp-json\/wp\/v2\/product\/42360","targetHints":{"allow":["GET"]}}],"collection":[{"href":"https:\/\/imprimeideas.es\/en\/wp-json\/wp\/v2\/product"}],"about":[{"href":"https:\/\/imprimeideas.es\/en\/wp-json\/wp\/v2\/types\/product"}],"replies":[{"embeddable":true,"href":"https:\/\/imprimeideas.es\/en\/wp-json\/wp\/v2\/comments?post=42360"}],"version-history":[{"count":1,"href":"https:\/\/imprimeideas.es\/en\/wp-json\/wp\/v2\/product\/42360\/revisions"}],"predecessor-version":[{"id":54968,"href":"https:\/\/imprimeideas.es\/en\/wp-json\/wp\/v2\/product\/42360\/revisions\/54968"}],"wp:featuredmedia":[{"embeddable":true,"href":"https:\/\/imprimeideas.es\/en\/wp-json\/wp\/v2\/media\/76304"}],"wp:attachment":[{"href":"https:\/\/imprimeideas.es\/en\/wp-json\/wp\/v2\/media?parent=42360"}],"wp:term":[{"taxonomy":"product_brand","embeddable":true,"href":"https:\/\/imprimeideas.es\/en\/wp-json\/wp\/v2\/product_brand?post=42360"},{"taxonomy":"product_cat","embeddable":true,"href":"https:\/\/imprimeideas.es\/en\/wp-json\/wp\/v2\/product_cat?post=42360"},{"taxonomy":"product_tag","embeddable":true,"href":"https:\/\/imprimeideas.es\/en\/wp-json\/wp\/v2\/product_tag?post=42360"}],"curies":[{"name":"wp","href":"https:\/\/api.w.org\/{rel}","templated":true}]}}