{"id":42347,"date":"2026-02-24T11:28:16","date_gmt":"2026-02-24T10:28:16","guid":{"rendered":"https:\/\/imprimeideas.es\/?post_type=product&p=42347"},"modified":"2026-02-26T18:03:13","modified_gmt":"2026-02-26T17:03:13","slug":"gorra-prody","status":"publish","type":"product","link":"https:\/\/imprimeideas.es\/en\/product\/gorra-prody\/","title":{"rendered":"Gorra Prody"},"content":{"rendered":"<p>Gorra fabricada en poli\u00e9ster de alta calidad. Con distinguido tacto exterior de tela de hilos gruesos y c\u00e1lido interior que ofrece una gran comodidad t\u00e9rmica. Adaptable gracias a su cierre de hebilla color bronce.<\/p>","protected":false},"excerpt":{"rendered":"<p>Cierre Hebilla<\/p>","protected":false},"featured_media":66793,"comment_status":"open","ping_status":"open","template":"","meta":{"inline_featured_image":false},"product_brand":[],"product_cat":[104,118,105],"product_tag":[],"class_list":{"0":"post-42347","1":"product","2":"type-product","3":"status-publish","4":"has-post-thumbnail","6":"product_cat-hogar-y-decoracion","7":"product_cat-lluvia-y-frio","8":"product_cat-vino-accesorios-de-bebida-y-hosteleria","10":"first","11":"instock","12":"taxable","13":"shipping-taxable","14":"purchasable","15":"product-type-variable","16":"has-default-attributes"},"aioseo_notices":[],"_links":{"self":[{"href":"https:\/\/imprimeideas.es\/en\/wp-json\/wp\/v2\/product\/42347","targetHints":{"allow":["GET"]}}],"collection":[{"href":"https:\/\/imprimeideas.es\/en\/wp-json\/wp\/v2\/product"}],"about":[{"href":"https:\/\/imprimeideas.es\/en\/wp-json\/wp\/v2\/types\/product"}],"replies":[{"embeddable":true,"href":"https:\/\/imprimeideas.es\/en\/wp-json\/wp\/v2\/comments?post=42347"}],"version-history":[{"count":1,"href":"https:\/\/imprimeideas.es\/en\/wp-json\/wp\/v2\/product\/42347\/revisions"}],"predecessor-version":[{"id":54966,"href":"https:\/\/imprimeideas.es\/en\/wp-json\/wp\/v2\/product\/42347\/revisions\/54966"}],"wp:featuredmedia":[{"embeddable":true,"href":"https:\/\/imprimeideas.es\/en\/wp-json\/wp\/v2\/media\/66793"}],"wp:attachment":[{"href":"https:\/\/imprimeideas.es\/en\/wp-json\/wp\/v2\/media?parent=42347"}],"wp:term":[{"taxonomy":"product_brand","embeddable":true,"href":"https:\/\/imprimeideas.es\/en\/wp-json\/wp\/v2\/product_brand?post=42347"},{"taxonomy":"product_cat","embeddable":true,"href":"https:\/\/imprimeideas.es\/en\/wp-json\/wp\/v2\/product_cat?post=42347"},{"taxonomy":"product_tag","embeddable":true,"href":"https:\/\/imprimeideas.es\/en\/wp-json\/wp\/v2\/product_tag?post=42347"}],"curies":[{"name":"wp","href":"https:\/\/api.w.org\/{rel}","templated":true}]}}